{"id":18519,"date":"2021-04-06T18:11:57","date_gmt":"2021-04-06T15:11:57","guid":{"rendered":"https:\/\/www.tuncaykurtmakina.com\/?post_type=product&#038;p=18519"},"modified":"2021-04-06T18:11:57","modified_gmt":"2021-04-06T15:11:57","slug":"2-el-power-100-lt-yagli-kompresor","status":"publish","type":"product","link":"https:\/\/www.tuncaykurtmakina.com\/index.php\/urun\/2-el-power-100-lt-yagli-kompresor\/","title":{"rendered":"2. EL POWER 100 LT YA\u011eLI KOMPRES\u00d6R"},"content":{"rendered":"<h1>TUNCAY KURT MAK\u0130NE PLAZADAN<\/h1>\n<h1>2. EL<\/h1>\n<table>\n<tbody>\n<tr>\n<td class=\"no-border\">\n<div id=\"productDescriptionContent\">\n<h1>Power 100 LT Ya\u011fl\u0131 Kompres\u00f6r<\/h1>\n<h1>Motor G\u00fcc\u00fc : 2 HP Voltaj : 220V Serbest Hava Emi\u015fi: 270 Lt\/dk Motor Devri : 892 dev\/dk Tank Kapasitesi : 100 Lt \u00c7al\u0131\u015fma bas\u0131nc\u0131: 8 bar (0,8 Mpa) Piston adedi: 2 Ebatlar: 1250 * 550 * 800 mm A\u011f\u0131rl\u0131k: 75 kg<\/h1>\n<h1>\u0130RT\u0130BAT 0546 867 7006<\/h1>\n<h1>\u00c7A\u011eATAY ENES KURT<\/h1>\n<\/div>\n<\/td>\n<\/tr>\n<\/tbody>\n<\/table>\n<div id=\"ctl00_ContentPlaceHolder1_ProductControl1_MainControl1_TabControl1_ProductDescription1_CustomContentBottom\"><\/div>\n<table>\n<tbody>\n<tr>\n<td class=\"no-border\">\n<table>\n<tbody>\n<tr>\n<td>\n<div class=\"tealium\">\n<div id=\"ccs-inline-content\" class=\"cnet-integration\"><\/div>\n<\/div>\n<\/td>\n<\/tr>\n<\/tbody>\n<\/table>\n<table>\n<tbody>\n<tr>\n<td>\n<div id=\"productTechSpecContainer\">\n<table class=\"data-list tech-spec\">\n<caption>\u00a0<\/caption>\n<tbody>\n<tr>\n<th>Bas\u0131n\u00e7 (bar)<\/th>\n<td>8 bar<\/td>\n<\/tr>\n<tr>\n<th>Hava Hacmi (lt)<\/th>\n<td>100 lt<\/td>\n<\/tr>\n<tr>\n<th>Motor G\u00fcc\u00fc<\/th>\n<td>\n<h1>2 hp<\/h1>\n<\/td>\n<\/tr>\n<\/tbody>\n<\/table>\n<\/div>\n<\/td>\n<\/tr>\n<\/tbody>\n<\/table>\n<\/td>\n<\/tr>\n<\/tbody>\n<\/table>\n","protected":false},"excerpt":{"rendered":"<h1><\/h1>\n","protected":false},"featured_media":18520,"template":"","meta":[],"_links":{"self":[{"href":"https:\/\/www.tuncaykurtmakina.com\/index.php\/wp-json\/wp\/v2\/product\/18519"}],"collection":[{"href":"https:\/\/www.tuncaykurtmakina.com\/index.php\/wp-json\/wp\/v2\/product"}],"about":[{"href":"https:\/\/www.tuncaykurtmakina.com\/index.php\/wp-json\/wp\/v2\/types\/product"}],"wp:featuredmedia":[{"embeddable":true,"href":"https:\/\/www.tuncaykurtmakina.com\/index.php\/wp-json\/wp\/v2\/media\/18520"}],"wp:attachment":[{"href":"https:\/\/www.tuncaykurtmakina.com\/index.php\/wp-json\/wp\/v2\/media?parent=18519"}],"curies":[{"name":"wp","href":"https:\/\/api.w.org\/{rel}","templated":true}]}}