{"id":18518,"date":"2021-04-06T17:48:14","date_gmt":"2021-04-06T14:48:14","guid":{"rendered":"https:\/\/www.tuncaykurtmakina.com\/?post_type=product&#038;p=18518"},"modified":"2021-04-06T17:48:16","modified_gmt":"2021-04-06T14:48:16","slug":"2-el-2017-model-3800-ayza-mizrak-gold","status":"publish","type":"product","link":"https:\/\/www.tuncaykurtmakina.com\/index.php\/urun\/2-el-2017-model-3800-ayza-mizrak-gold\/","title":{"rendered":"2. EL 2017 MODEL 3800 AYZA MIZRAK GOLD"},"content":{"rendered":"","protected":false},"excerpt":{"rendered":"<h1>TUNCAY KURT MAK\u0130NE PLAZADAN<\/h1>\n<h1>2017 MODEL 3800 AYZA MIZRAK GOLD<\/h1>\n<h1>T\u00dcM BAKIMLARI YAPILMI\u015eTIR<\/h1>\n<h1>SIFIRDAN FARKSIZ \u00c7\u0130Z\u0130KS\u0130ZD\u0130R<\/h1>\n<h1>\u0130RT\u0130BAT 0546 867 7006<\/h1>\n<h2>\u00c7A\u011eATAY ENES KURT<\/h2>\n","protected":false},"featured_media":18513,"template":"","meta":[],"_links":{"self":[{"href":"https:\/\/www.tuncaykurtmakina.com\/index.php\/wp-json\/wp\/v2\/product\/18518"}],"collection":[{"href":"https:\/\/www.tuncaykurtmakina.com\/index.php\/wp-json\/wp\/v2\/product"}],"about":[{"href":"https:\/\/www.tuncaykurtmakina.com\/index.php\/wp-json\/wp\/v2\/types\/product"}],"wp:featuredmedia":[{"embeddable":true,"href":"https:\/\/www.tuncaykurtmakina.com\/index.php\/wp-json\/wp\/v2\/media\/18513"}],"wp:attachment":[{"href":"https:\/\/www.tuncaykurtmakina.com\/index.php\/wp-json\/wp\/v2\/media?parent=18518"}],"curies":[{"name":"wp","href":"https:\/\/api.w.org\/{rel}","templated":true}]}}