{"id":18505,"date":"2021-04-06T14:24:54","date_gmt":"2021-04-06T11:24:54","guid":{"rendered":"https:\/\/www.tuncaykurtmakina.com\/?post_type=product&#038;p=18505"},"modified":"2021-04-06T14:25:20","modified_gmt":"2021-04-06T11:25:20","slug":"2-el-unsal-6x6-minifix-delik-makinesi","status":"publish","type":"product","link":"https:\/\/www.tuncaykurtmakina.com\/index.php\/urun\/2-el-unsal-6x6-minifix-delik-makinesi\/","title":{"rendered":"2.EL \u00dcNSAL 6X6 M\u0130N\u0130F\u0130X DEL\u0130K MAK\u0130NES\u0130"},"content":{"rendered":"","protected":false},"excerpt":{"rendered":"<h1>TUNCAY KURT MAK\u0130NA PLAZADAN<\/h1>\n<h1>\u00dcNSAL 6X6 M\u0130N\u0130X DEL\u0130K MAK\u0130NES\u0130<\/h1>\n<h1>T\u00dcM BAKIMLARI YAPILMI\u015eTIR<\/h1>\n<h1>\u0130RT\u0130BAT 0546 867 7006<\/h1>\n<h1>\u00c7A\u011eATAY ENES KURT<\/h1>\n","protected":false},"featured_media":18506,"template":"","meta":[],"_links":{"self":[{"href":"https:\/\/www.tuncaykurtmakina.com\/index.php\/wp-json\/wp\/v2\/product\/18505"}],"collection":[{"href":"https:\/\/www.tuncaykurtmakina.com\/index.php\/wp-json\/wp\/v2\/product"}],"about":[{"href":"https:\/\/www.tuncaykurtmakina.com\/index.php\/wp-json\/wp\/v2\/types\/product"}],"wp:featuredmedia":[{"embeddable":true,"href":"https:\/\/www.tuncaykurtmakina.com\/index.php\/wp-json\/wp\/v2\/media\/18506"}],"wp:attachment":[{"href":"https:\/\/www.tuncaykurtmakina.com\/index.php\/wp-json\/wp\/v2\/media?parent=18505"}],"curies":[{"name":"wp","href":"https:\/\/api.w.org\/{rel}","templated":true}]}}