{"id":18489,"date":"2021-01-26T17:54:29","date_gmt":"2021-01-26T14:54:29","guid":{"rendered":"https:\/\/www.tuncaykurtmakina.com\/?post_type=product&#038;p=18489"},"modified":"2021-01-26T17:54:30","modified_gmt":"2021-01-26T14:54:30","slug":"melkuc-kapali-zimpara","status":"publish","type":"product","link":"https:\/\/www.tuncaykurtmakina.com\/index.php\/urun\/melkuc-kapali-zimpara\/","title":{"rendered":"MELKU\u00c7 KAPALI ZIMPARA"},"content":{"rendered":"<p><img loading=\"lazy\" class=\"size-medium wp-image-18490 alignleft\" src=\"https:\/\/www.tuncaykurtmakina.com\/wp-content\/uploads\/2021\/01\/91ed7dab-5e60-4bbf-a338-7320b414a276-300x225.jpg\" alt=\"\" width=\"300\" height=\"225\" \/> <img loading=\"lazy\" class=\"size-medium wp-image-18492 alignleft\" src=\"https:\/\/www.tuncaykurtmakina.com\/wp-content\/uploads\/2021\/01\/25349fa7-8f50-4e2e-b52f-cf3cb4fcd3a0-300x225.jpg\" alt=\"\" width=\"300\" height=\"225\" \/> <img loading=\"lazy\" class=\" wp-image-18491 alignleft\" src=\"https:\/\/www.tuncaykurtmakina.com\/wp-content\/uploads\/2021\/01\/977cc9f3-c594-4f3d-b571-7d63c1299d04-225x300.jpg\" alt=\"\" width=\"212\" height=\"283\" \/><img loading=\"lazy\" class=\"size-medium wp-image-18493 alignleft\" src=\"https:\/\/www.tuncaykurtmakina.com\/wp-content\/uploads\/2021\/01\/679814f3-42cb-465f-a9cb-72a0be4a6555-225x300.jpg\" alt=\"\" width=\"225\" height=\"300\" \/> <img loading=\"lazy\" class=\"size-medium wp-image-18494 alignleft\" src=\"https:\/\/www.tuncaykurtmakina.com\/wp-content\/uploads\/2021\/01\/a002d3d5-728a-4b1c-b929-4d026cd2179a-225x300.jpg\" alt=\"\" width=\"225\" height=\"300\" \/> <img loading=\"lazy\" class=\"size-medium wp-image-18495 alignleft\" src=\"https:\/\/www.tuncaykurtmakina.com\/wp-content\/uploads\/2021\/01\/b9af946b-5281-47cb-953c-d1c71d9c12d4-300x225.jpg\" alt=\"\" width=\"300\" height=\"225\" \/> <img loading=\"lazy\" class=\"size-medium wp-image-18496 alignleft\" src=\"https:\/\/www.tuncaykurtmakina.com\/wp-content\/uploads\/2021\/01\/eb729483-1129-4084-8886-d0854789c7df-225x300.jpg\" alt=\"\" width=\"225\" height=\"300\" \/> <img loading=\"lazy\" class=\"size-medium wp-image-18497 alignleft\" src=\"https:\/\/www.tuncaykurtmakina.com\/wp-content\/uploads\/2021\/01\/fae678e9-2eb2-435b-b655-46f5e79e2956-300x225.jpg\" alt=\"\" width=\"300\" height=\"225\" \/><\/p>\n","protected":false},"excerpt":{"rendered":"<p>T\u00fcm bak\u0131mlar\u0131 yap\u0131lm\u0131\u015ft\u0131r.S\u0131fr\u0131ndan farks\u0131z tertemizdir.<\/p>\n","protected":false},"featured_media":18497,"template":"","meta":[],"_links":{"self":[{"href":"https:\/\/www.tuncaykurtmakina.com\/index.php\/wp-json\/wp\/v2\/product\/18489"}],"collection":[{"href":"https:\/\/www.tuncaykurtmakina.com\/index.php\/wp-json\/wp\/v2\/product"}],"about":[{"href":"https:\/\/www.tuncaykurtmakina.com\/index.php\/wp-json\/wp\/v2\/types\/product"}],"wp:featuredmedia":[{"embeddable":true,"href":"https:\/\/www.tuncaykurtmakina.com\/index.php\/wp-json\/wp\/v2\/media\/18497"}],"wp:attachment":[{"href":"https:\/\/www.tuncaykurtmakina.com\/index.php\/wp-json\/wp\/v2\/media?parent=18489"}],"curies":[{"name":"wp","href":"https:\/\/api.w.org\/{rel}","templated":true}]}}