{"id":18479,"date":"2021-01-26T17:32:50","date_gmt":"2021-01-26T14:32:50","guid":{"rendered":"https:\/\/www.tuncaykurtmakina.com\/?post_type=product&#038;p=18479"},"modified":"2021-01-26T17:56:26","modified_gmt":"2021-01-26T14:56:26","slug":"18479","status":"publish","type":"product","link":"https:\/\/www.tuncaykurtmakina.com\/index.php\/urun\/18479\/","title":{"rendered":"T\u00d6RK 150&#8217;lik \u00c7\u0130Z\u0130C\u0130L\u0130 YATAR DA\u0130RE"},"content":{"rendered":"<p><img loading=\"lazy\" class=\"size-medium wp-image-18480 alignleft\" src=\"https:\/\/www.tuncaykurtmakina.com\/wp-content\/uploads\/2021\/01\/1-1-225x300.jpg\" alt=\"T\u00d6RK 150'L\u0130K \u00c7\u0130Z\u0130C\u0130L\u0130 YATAR DA\u0130RE\" width=\"225\" height=\"300\" \/> <img loading=\"lazy\" class=\"alignnone size-medium wp-image-18481 alignleft\" src=\"https:\/\/www.tuncaykurtmakina.com\/wp-content\/uploads\/2021\/01\/2-1-225x300.jpg\" alt=\"\" width=\"225\" height=\"300\" \/> <img loading=\"lazy\" class=\"alignnone size-medium wp-image-18482 alignleft\" src=\"https:\/\/www.tuncaykurtmakina.com\/wp-content\/uploads\/2021\/01\/16-1-225x300.jpg\" alt=\"\" width=\"225\" height=\"300\" \/> <img loading=\"lazy\" class=\"alignnone size-medium wp-image-18483 alignleft\" src=\"https:\/\/www.tuncaykurtmakina.com\/wp-content\/uploads\/2021\/01\/18-1-225x300.jpg\" alt=\"\" width=\"225\" height=\"300\" \/> <img loading=\"lazy\" class=\"alignnone size-medium wp-image-18484 alignleft\" src=\"https:\/\/www.tuncaykurtmakina.com\/wp-content\/uploads\/2021\/01\/8-225x300.jpg\" alt=\"\" width=\"225\" height=\"300\" \/> <img loading=\"lazy\" class=\"alignnone size-medium wp-image-18485 alignleft\" src=\"https:\/\/www.tuncaykurtmakina.com\/wp-content\/uploads\/2021\/01\/16-2-225x300.jpg\" alt=\"\" width=\"225\" height=\"300\" \/><img loading=\"lazy\" class=\"size-medium wp-image-18488 alignleft\" src=\"https:\/\/www.tuncaykurtmakina.com\/wp-content\/uploads\/2021\/01\/13-225x300.jpg\" alt=\"\" width=\"225\" height=\"300\" \/><!--more--><\/p>\n","protected":false},"excerpt":{"rendered":"[caption id=\"attachment_18487\" align=\"alignleft\" width=\"225\"]<img loading=\"lazy\" class=\"size-medium wp-image-18487\" src=\"https:\/\/www.tuncaykurtmakina.com\/wp-content\/uploads\/2021\/01\/16-3-225x300.jpg\" alt=\".\" width=\"225\" height=\"300\" \/> .[\/caption]\n<p><img loading=\"lazy\" class=\"aligncenter size-medium wp-image-18480\" src=\"https:\/\/www.tuncaykurtmakina.com\/wp-content\/uploads\/2021\/01\/1-1-225x300.jpg\" alt=\"T\u00d6RK 150'L\u0130K \u00c7\u0130Z\u0130C\u0130L\u0130 YATAR DA\u0130RE\" width=\"225\" height=\"300\" \/><\/p>\n<p><img loading=\"lazy\" class=\"aligncenter size-medium wp-image-18471\" src=\"https:\/\/www.tuncaykurtmakina.com\/wp-content\/uploads\/2021\/01\/16-225x300.jpg\" alt=\"\" width=\"225\" height=\"300\" \/><\/p>\n<p>&nbsp;<\/p>\n","protected":false},"featured_media":18480,"template":"","meta":[],"_links":{"self":[{"href":"https:\/\/www.tuncaykurtmakina.com\/index.php\/wp-json\/wp\/v2\/product\/18479"}],"collection":[{"href":"https:\/\/www.tuncaykurtmakina.com\/index.php\/wp-json\/wp\/v2\/product"}],"about":[{"href":"https:\/\/www.tuncaykurtmakina.com\/index.php\/wp-json\/wp\/v2\/types\/product"}],"wp:featuredmedia":[{"embeddable":true,"href":"https:\/\/www.tuncaykurtmakina.com\/index.php\/wp-json\/wp\/v2\/media\/18480"}],"wp:attachment":[{"href":"https:\/\/www.tuncaykurtmakina.com\/index.php\/wp-json\/wp\/v2\/media?parent=18479"}],"curies":[{"name":"wp","href":"https:\/\/api.w.org\/{rel}","templated":true}]}}