{"id":18453,"date":"2021-01-08T10:57:36","date_gmt":"2021-01-08T07:57:36","guid":{"rendered":"https:\/\/www.tuncaykurtmakina.com\/?post_type=product&#038;p=18453"},"modified":"2021-01-08T11:02:26","modified_gmt":"2021-01-08T08:02:26","slug":"artemak-3200-bravo-automatic","status":"publish","type":"product","link":"https:\/\/www.tuncaykurtmakina.com\/index.php\/urun\/artemak-3200-bravo-automatic\/","title":{"rendered":"Artemak 3200 Bravo Automatic"},"content":{"rendered":"","protected":false},"excerpt":{"rendered":"<p>Hassas i\u015flenmi\u015f \u00e7elik g\u00f6vde<\/p>\n<p>Hassas ve dayan\u0131kl\u0131 al\u00fcminyum araba sistemi<\/p>\n<p>Kolay Ayarlanabilir \u00c7izici Testere<\/p>\n<p>Darbelere kar\u015f\u0131 y\u00fcksek mukavemetli f\u0131r\u0131n boya sistemi<\/p>\n<p><b>Opsiyonel \u00d6zellikler:<\/b><\/p>\n<p>45 &#8211; 90 testere a\u00e7\u0131sal hareketi &#8211; Otomatik<\/p>\n<p>Yukar\u0131 &#8211; A\u015fa\u011f\u0131 testere hareketi &#8211; Otomatik<\/p>\n<p><b>TEKN\u0130K \u00d6ZELL\u0130KLER\u0130<\/b><\/p>\n<p>AL\u00dcM\u0130NYUM KIZAK BOYU : 3200 mm<\/p>\n<p>STANDART DA\u0130RE TESTERE \u00c7API : 300 mm<\/p>\n<p>DA\u0130RE TESTERE M\u0130L \u00c7API : 30 mm<\/p>\n<p>90 DERECEDE MAX. KESME Y\u00dcKSEKL\u0130\u011e\u0130 : 78 mm<\/p>\n<p>45 DERECEDE MAX. KESME Y\u00dcKSEKL\u0130\u011e\u0130 : 55 mm<\/p>\n<p>MAX. KESME GEN\u0130\u015eL\u0130\u011e\u0130 : 1300 mm<\/p>\n<p>MAX. AL\u00dcM\u0130NYUM TABLA HAREKET\u0130 : 3200 mm<\/p>\n<p>TABLA \u00d6L\u00c7\u00dcS\u00dc : 950 x 600 mm<\/p>\n<p>ARKA \u0130LAVE TABLA \u00d6L\u00c7\u00dcS\u00dc : 950 x 750 mm<\/p>\n<p>YAN \u0130LAVE TABLA \u00d6L\u00c7\u00dcS\u00dc : 800 x 500 mm<\/p>\n<p>PROF\u0130L ARABA \u00d6L\u00c7\u00dcS\u00dc : 1530 x 650 mm<\/p>\n<p>DA\u0130RE TESTERE YATMA A\u00c7ISI : 0\u00b0-45\u00b0<\/p>\n<p>TOZ EMME BA\u011eLANTISI : 120 mm<\/p>\n<p>MOTOR G\u00dcC\u00dc 5,5 hp : (4 kW)<\/p>\n<p>DA\u0130RE TESTERE HIZI : 3700-5100 rpm<\/p>\n<p>NET A\u011eIRLIK : 680 kg<\/p>\n<p><b>\u00c7\u0130Z\u0130C\u0130<\/b><\/p>\n<p>DA\u0130RE TESTERE HIZI : 7250 rpm<\/p>\n<p>DA\u0130RE TESTERE M\u0130L \u00c7API : 20 mm<\/p>\n<p>DA\u0130RE TESTERE \u00c7API : 125 mm<\/p>\n<p>MOTOR G\u00dcC\u00dc KESME UZUNLU\u011eU : 1 hp (0,75 kW)<\/p>\n<p>KESME UZUNLU\u011eU : 3200 mm<\/p>\n","protected":false},"featured_media":18454,"template":"","meta":[],"_links":{"self":[{"href":"https:\/\/www.tuncaykurtmakina.com\/index.php\/wp-json\/wp\/v2\/product\/18453"}],"collection":[{"href":"https:\/\/www.tuncaykurtmakina.com\/index.php\/wp-json\/wp\/v2\/product"}],"about":[{"href":"https:\/\/www.tuncaykurtmakina.com\/index.php\/wp-json\/wp\/v2\/types\/product"}],"wp:featuredmedia":[{"embeddable":true,"href":"https:\/\/www.tuncaykurtmakina.com\/index.php\/wp-json\/wp\/v2\/media\/18454"}],"wp:attachment":[{"href":"https:\/\/www.tuncaykurtmakina.com\/index.php\/wp-json\/wp\/v2\/media?parent=18453"}],"curies":[{"name":"wp","href":"https:\/\/api.w.org\/{rel}","templated":true}]}}