{"id":18385,"date":"2020-09-17T09:45:13","date_gmt":"2020-09-17T06:45:13","guid":{"rendered":"https:\/\/alfadestek.com\/tuncay\/?post_type=product&#038;p=18385"},"modified":"2020-09-17T09:45:13","modified_gmt":"2020-09-17T06:45:13","slug":"max-exstra-ust-tablali-bas-kesme","status":"publish","type":"product","link":"https:\/\/www.tuncaykurtmakina.com\/index.php\/urun\/max-exstra-ust-tablali-bas-kesme\/","title":{"rendered":"Max Exstra \u00dcst Tablal\u0131 Ba\u015f Kesme"},"content":{"rendered":"","protected":false},"excerpt":{"rendered":"","protected":false},"featured_media":18386,"template":"","meta":[],"_links":{"self":[{"href":"https:\/\/www.tuncaykurtmakina.com\/index.php\/wp-json\/wp\/v2\/product\/18385"}],"collection":[{"href":"https:\/\/www.tuncaykurtmakina.com\/index.php\/wp-json\/wp\/v2\/product"}],"about":[{"href":"https:\/\/www.tuncaykurtmakina.com\/index.php\/wp-json\/wp\/v2\/types\/product"}],"wp:featuredmedia":[{"embeddable":true,"href":"https:\/\/www.tuncaykurtmakina.com\/index.php\/wp-json\/wp\/v2\/media\/18386"}],"wp:attachment":[{"href":"https:\/\/www.tuncaykurtmakina.com\/index.php\/wp-json\/wp\/v2\/media?parent=18385"}],"curies":[{"name":"wp","href":"https:\/\/api.w.org\/{rel}","templated":true}]}}