{"id":18344,"date":"2020-09-17T09:39:04","date_gmt":"2020-09-17T06:39:04","guid":{"rendered":"https:\/\/alfadestek.com\/tuncay\/?post_type=product&#038;p=18344"},"modified":"2020-09-17T09:39:04","modified_gmt":"2020-09-17T06:39:04","slug":"80lik-cetin-marka-serit-dik-govde","status":"publish","type":"product","link":"https:\/\/www.tuncaykurtmakina.com\/index.php\/urun\/80lik-cetin-marka-serit-dik-govde\/","title":{"rendered":"80lik \u00c7etin Marka \u015eerit Dik G\u00f6vde"},"content":{"rendered":"","protected":false},"excerpt":{"rendered":"","protected":false},"featured_media":18345,"template":"","meta":[],"_links":{"self":[{"href":"https:\/\/www.tuncaykurtmakina.com\/index.php\/wp-json\/wp\/v2\/product\/18344"}],"collection":[{"href":"https:\/\/www.tuncaykurtmakina.com\/index.php\/wp-json\/wp\/v2\/product"}],"about":[{"href":"https:\/\/www.tuncaykurtmakina.com\/index.php\/wp-json\/wp\/v2\/types\/product"}],"wp:featuredmedia":[{"embeddable":true,"href":"https:\/\/www.tuncaykurtmakina.com\/index.php\/wp-json\/wp\/v2\/media\/18345"}],"wp:attachment":[{"href":"https:\/\/www.tuncaykurtmakina.com\/index.php\/wp-json\/wp\/v2\/media?parent=18344"}],"curies":[{"name":"wp","href":"https:\/\/api.w.org\/{rel}","templated":true}]}}