{"id":18277,"date":"2020-09-10T12:56:07","date_gmt":"2020-09-10T09:56:07","guid":{"rendered":"https:\/\/alfadestek.com\/tuncay\/?post_type=product&#038;p=18277"},"modified":"2020-09-10T12:56:07","modified_gmt":"2020-09-10T09:56:07","slug":"724","status":"publish","type":"product","link":"https:\/\/www.tuncaykurtmakina.com\/index.php\/urun\/724\/","title":{"rendered":"724"},"content":{"rendered":"","protected":false},"excerpt":{"rendered":"<p>GENEL \u00d6ZELL\u0130KLER<br \/>\nAl\u00fcminyum araba geni\u015fli\u011fi 380mm<br \/>\n8 milli daha rahat hareket sistemi<br \/>\n4 kw kesici motor<br \/>\nManuel 45-90 derece hareketi<br \/>\nManuel a\u015fa\u011f\u0131 yukar\u0131 hareket<\/p>\n","protected":false},"featured_media":18278,"template":"","meta":[],"_links":{"self":[{"href":"https:\/\/www.tuncaykurtmakina.com\/index.php\/wp-json\/wp\/v2\/product\/18277"}],"collection":[{"href":"https:\/\/www.tuncaykurtmakina.com\/index.php\/wp-json\/wp\/v2\/product"}],"about":[{"href":"https:\/\/www.tuncaykurtmakina.com\/index.php\/wp-json\/wp\/v2\/types\/product"}],"wp:featuredmedia":[{"embeddable":true,"href":"https:\/\/www.tuncaykurtmakina.com\/index.php\/wp-json\/wp\/v2\/media\/18278"}],"wp:attachment":[{"href":"https:\/\/www.tuncaykurtmakina.com\/index.php\/wp-json\/wp\/v2\/media?parent=18277"}],"curies":[{"name":"wp","href":"https:\/\/api.w.org\/{rel}","templated":true}]}}