{"id":18275,"date":"2020-09-10T12:55:38","date_gmt":"2020-09-10T09:55:38","guid":{"rendered":"https:\/\/alfadestek.com\/tuncay\/?post_type=product&#038;p=18275"},"modified":"2020-09-10T12:55:39","modified_gmt":"2020-09-10T09:55:39","slug":"711","status":"publish","type":"product","link":"https:\/\/www.tuncaykurtmakina.com\/index.php\/urun\/711\/","title":{"rendered":"711"},"content":{"rendered":"","protected":false},"excerpt":{"rendered":"<p>GENEL \u00d6ZELL\u0130KLER<br \/>\nAl\u00fcminyum araba geni\u015fli\u011fi 380mm<br \/>\n8 milli daha rahat hareket sistemi<br \/>\n\u0130\u015flenmi\u015f g\u00f6vde<br \/>\n4 kw kesici motor<br \/>\nLineer sistem<br \/>\nManuel 45-90 derece hareketi<br \/>\nManuel a\u015fa\u011f\u0131 yukar\u0131 hareket<\/p>\n<p>&nbsp;<\/p>\n","protected":false},"featured_media":18276,"template":"","meta":[],"_links":{"self":[{"href":"https:\/\/www.tuncaykurtmakina.com\/index.php\/wp-json\/wp\/v2\/product\/18275"}],"collection":[{"href":"https:\/\/www.tuncaykurtmakina.com\/index.php\/wp-json\/wp\/v2\/product"}],"about":[{"href":"https:\/\/www.tuncaykurtmakina.com\/index.php\/wp-json\/wp\/v2\/types\/product"}],"wp:featuredmedia":[{"embeddable":true,"href":"https:\/\/www.tuncaykurtmakina.com\/index.php\/wp-json\/wp\/v2\/media\/18276"}],"wp:attachment":[{"href":"https:\/\/www.tuncaykurtmakina.com\/index.php\/wp-json\/wp\/v2\/media?parent=18275"}],"curies":[{"name":"wp","href":"https:\/\/api.w.org\/{rel}","templated":true}]}}