{"id":18268,"date":"2020-09-10T12:54:19","date_gmt":"2020-09-10T09:54:19","guid":{"rendered":"https:\/\/alfadestek.com\/tuncay\/?post_type=product&#038;p=18268"},"modified":"2020-09-10T12:54:19","modified_gmt":"2020-09-10T09:54:19","slug":"693","status":"publish","type":"product","link":"https:\/\/www.tuncaykurtmakina.com\/index.php\/urun\/693\/","title":{"rendered":"693"},"content":{"rendered":"","protected":false},"excerpt":{"rendered":"<p>GENEL \u00d6ZELL\u0130KLER<br \/>\nAl\u00fcminyum araba geni\u015fli\u011fi 435mm<br \/>\n\u00dcsten milli al\u00fcminyum araba sistemi<br \/>\n\u0130\u015flenmi\u015f g\u00f6vde<br \/>\n4 kw kesici motor<br \/>\nLineer sistem<br \/>\nMotorlu otomatik 45-90 derece hareketi<br \/>\nManuel a\u015fa\u011f\u0131 yukar\u0131 hareket<br \/>\n\u0130lave Profil Araba<\/p>\n<p>TEKN\u0130K \u00d6ZELL\u0130KLER<br \/>\nTestere d\u0131\u015f ve i\u00e7 \u00e7ap (min \u2013 max.) \u00d8250&#215;30 &#8211; \u00d8300&#215;30 Max.kesme derinli\u011fi (90\u00ba) 80 mm<br \/>\nMax.kesme derinli\u011fi (45\u00ba) 65 mm Ses Y\u00fcksekli\u011fi 80 db.<br \/>\nTestere devri 4750-5250 d\/dk Testere motor g\u00fc\u00e7\u00fc 4 Kw 3000D\/DK<br \/>\nTabla \u00f6l\u00e7\u00fcs\u00fc 550 X950mm Tabla ilave yan sa\u00e7 \u00f6l\u00e7\u00fcs\u00fc 700 x 910mm<br \/>\nTabla arka ilave \u00f6l\u00e7\u00fcs\u00fc 400x800mm Tabla \u00fczeri siper \u00f6l\u00e7\u00fcs\u00fc 1200 mm<br \/>\nGezer k\u0131zak \u00f6l\u00e7\u00fcs\u00fc 3700 mm Gezer k\u0131zak hareketli 3800 mm<br \/>\nGezer k\u0131zak siper a\u00e7\u0131s\u0131 sa\u011f-sol 0-45 sa\u011fa ve sola Al\u00fcminyum araba geni\u015fli\u011fi 365mm-430mm-435mm<br \/>\nAraba \u00fcst\u00fc siper \u00f6l\u00e7\u00fcs\u00fc 1950 mm Araba \u00fcst\u00fc siper a\u00e7\u0131s\u0131 sa\u011f-sol \u00d8-45 sa\u011fa ve sola<br \/>\nAraba \u00fcst\u00fc siper \u00f6l\u00e7\u00fc dayama 0-3000 mm \u00c7izici testere d\u0131\u015f ve i\u00e7 \u00e7ap\u0131 \u00d8125 x 20 mm<br \/>\n\u00c7izici testere d\u0131\u015f ve i\u00e7 \u00e7ap\u0131(Jumping) \u00d8200 x \u00d830 mm \u00c7izici testere devri 6800 d\/dk<br \/>\n\u00c7izici testere motor g\u00fcc\u00fc (Jumping) 0.75 kw 3000d\/dk \u00c7izici testere motor g\u00fcc\u00fc 0.75 kw 3000d\/dk<br \/>\nToz emici borunun yerden y\u00fcksekli\u011fi 845 Makinan\u0131n y\u00fcksekli\u011fi 1400<br \/>\nNet a\u011f\u0131rl\u0131k 860-810 kg<\/p>\n","protected":false},"featured_media":18270,"template":"","meta":[],"_links":{"self":[{"href":"https:\/\/www.tuncaykurtmakina.com\/index.php\/wp-json\/wp\/v2\/product\/18268"}],"collection":[{"href":"https:\/\/www.tuncaykurtmakina.com\/index.php\/wp-json\/wp\/v2\/product"}],"about":[{"href":"https:\/\/www.tuncaykurtmakina.com\/index.php\/wp-json\/wp\/v2\/types\/product"}],"wp:featuredmedia":[{"embeddable":true,"href":"https:\/\/www.tuncaykurtmakina.com\/index.php\/wp-json\/wp\/v2\/media\/18270"}],"wp:attachment":[{"href":"https:\/\/www.tuncaykurtmakina.com\/index.php\/wp-json\/wp\/v2\/media?parent=18268"}],"curies":[{"name":"wp","href":"https:\/\/api.w.org\/{rel}","templated":true}]}}