{"id":18248,"date":"2020-09-10T12:38:08","date_gmt":"2020-09-10T09:38:08","guid":{"rendered":"https:\/\/alfadestek.com\/tuncay\/?post_type=product&#038;p=18248"},"modified":"2020-09-10T12:38:08","modified_gmt":"2020-09-10T09:38:08","slug":"crater-ap500-otomatik-profil-dilimleme-makinesi","status":"publish","type":"product","link":"https:\/\/www.tuncaykurtmakina.com\/index.php\/urun\/crater-ap500-otomatik-profil-dilimleme-makinesi\/","title":{"rendered":"Crater-AP500-Otomatik-Profil-Dilimleme-Makinesi"},"content":{"rendered":"","protected":false},"excerpt":{"rendered":"<p>Servo kontroll\u00fc profil ilerleme h\u0131z\u0131 ve testere kesme \u00e7\u0131k\u0131\u015f y\u00fcksekli\u011fi kontrol\u00fc ile zaman tasarrufu sa\u011flan\u0131r.<br \/>\n\u00c7ift el koruma sistemi.<br \/>\nGeni\u015f ebatl\u0131 al\u00fcminyum profilleri, seri olarak, \u00d8500 mm testere ile 90\u00b0 kesmek amac\u0131 ile tasarlanm\u0131\u015f, otomatik kesme makinesidir.<br \/>\nTekli veya ba\u011f halinde \u00e7oklu kesim yapabilme \u00f6zelli\u011fi<br \/>\nEkrandan miktar\u0131 ayarlanabilir testere so\u011futma sistemi<br \/>\nKesme program kay\u0131t imkan\u0131<br \/>\n7\u2019\u2019 dokunmatik renkli ekran<br \/>\nTek beslemede Maksimum (500 mm biten makineden net \u00f6l\u00e7\u00fc yaz\u0131lacak) \u2018 d\u0131r.<br \/>\nTestere grubu alt\u0131nda tala\u015f \u00e7ekmecesi mevcuttur.<br \/>\nBo\u015ftaki Malzeme S\u00fcrme H\u0131z\u0131 : 10.000 mm\/dk<br \/>\nBo\u015ftaki Kesme S\u00fcrme H\u0131z\u0131 : 10.000 mm\/dk<br \/>\nMotor G\u00fcc\u00fc: 4.0 kW, 5.5 HP<br \/>\n400 V, 50\/60 Hz<br \/>\nTestere Ebatlar\u0131: D=500 mm d=30-32 mm<br \/>\nTestere H\u0131z\u0131: 3000 r.p.m.<br \/>\nEbatlar: 154x121x139 cm<br \/>\nA\u011f\u0131rl\u0131k: 520 kg<br \/>\nHava Bas\u0131nc\u0131: 6-8 Bar, 50lt\/min<br \/>\n1 adet \u00d8 500 mm. testere<br \/>\n3+3 dikey mengene<br \/>\nKN-M3 konvey\u00f6r<br \/>\nYa\u011f p\u00fcsk\u00fcrtmeli so\u011futma sistemi<br \/>\nVidal\u0131 milli ya\u011flama \u00fcnitesi<br \/>\nHava tabancas\u0131<br \/>\nBa\u011f Kesme kiti<br \/>\n2 x tala\u015f toplama manifoldu<br \/>\nOtomatik a\u00e7\u0131l\u0131r \u00fcst kapak<\/p>\n<p>BENZER MAK\u0130NELER<\/p>\n","protected":false},"featured_media":18251,"template":"","meta":[],"_links":{"self":[{"href":"https:\/\/www.tuncaykurtmakina.com\/index.php\/wp-json\/wp\/v2\/product\/18248"}],"collection":[{"href":"https:\/\/www.tuncaykurtmakina.com\/index.php\/wp-json\/wp\/v2\/product"}],"about":[{"href":"https:\/\/www.tuncaykurtmakina.com\/index.php\/wp-json\/wp\/v2\/types\/product"}],"wp:featuredmedia":[{"embeddable":true,"href":"https:\/\/www.tuncaykurtmakina.com\/index.php\/wp-json\/wp\/v2\/media\/18251"}],"wp:attachment":[{"href":"https:\/\/www.tuncaykurtmakina.com\/index.php\/wp-json\/wp\/v2\/media?parent=18248"}],"curies":[{"name":"wp","href":"https:\/\/api.w.org\/{rel}","templated":true}]}}