{"id":18241,"date":"2020-09-10T12:34:32","date_gmt":"2020-09-10T09:34:32","guid":{"rendered":"https:\/\/alfadestek.com\/tuncay\/?post_type=product&#038;p=18241"},"modified":"2020-09-10T12:34:32","modified_gmt":"2020-09-10T09:34:32","slug":"300lt_benzinli_pistonlu_hava_kompresoru","status":"publish","type":"product","link":"https:\/\/www.tuncaykurtmakina.com\/index.php\/urun\/300lt_benzinli_pistonlu_hava_kompresoru\/","title":{"rendered":"300lt_benzinli_pistonlu_hava_kompresoru"},"content":{"rendered":"","protected":false},"excerpt":{"rendered":"<p>Model: 22-220 BENZ\u0130NL\u0130 MOB\u0130L<br \/>\nMobil benzinli pistonlu hava kompres\u00f6r<br \/>\nTank Hacmi : 200 lt<br \/>\nMotor Tipi : \u0130pli Benzinli<br \/>\nMotor G\u00fcc\u00fc : 4 hp<br \/>\nHava Emi\u015fi : 8-12<br \/>\nSilindir\/Kademe : 2\/2<br \/>\nBoyutlar : 62 x 150 x100<\/p>\n","protected":false},"featured_media":18242,"template":"","meta":[],"_links":{"self":[{"href":"https:\/\/www.tuncaykurtmakina.com\/index.php\/wp-json\/wp\/v2\/product\/18241"}],"collection":[{"href":"https:\/\/www.tuncaykurtmakina.com\/index.php\/wp-json\/wp\/v2\/product"}],"about":[{"href":"https:\/\/www.tuncaykurtmakina.com\/index.php\/wp-json\/wp\/v2\/types\/product"}],"wp:featuredmedia":[{"embeddable":true,"href":"https:\/\/www.tuncaykurtmakina.com\/index.php\/wp-json\/wp\/v2\/media\/18242"}],"wp:attachment":[{"href":"https:\/\/www.tuncaykurtmakina.com\/index.php\/wp-json\/wp\/v2\/media?parent=18241"}],"curies":[{"name":"wp","href":"https:\/\/api.w.org\/{rel}","templated":true}]}}