{"id":18237,"date":"2020-09-10T12:33:23","date_gmt":"2020-09-10T09:33:23","guid":{"rendered":"https:\/\/alfadestek.com\/tuncay\/?post_type=product&#038;p=18237"},"modified":"2020-09-10T12:33:23","modified_gmt":"2020-09-10T09:33:23","slug":"cift_kademe_1000lt_12bar_pistonlu_hava_kopresoru","status":"publish","type":"product","link":"https:\/\/www.tuncaykurtmakina.com\/index.php\/urun\/cift_kademe_1000lt_12bar_pistonlu_hava_kopresoru\/","title":{"rendered":"cift_kademe_1000lt_12bar_pistonlu_hava_kopresoru"},"content":{"rendered":"","protected":false},"excerpt":{"rendered":"<p>Model: 22-1000 15<br \/>\nPistonlu Kompres\u00f6r<br \/>\nHava Tank\u0131 : 1000 lt<br \/>\nMotor G\u00fcc\u00fc : 15 hp<br \/>\nHava Emi\u015fi : 1730 lt\/ dk<br \/>\nBas\u0131n\u00e7 : 12 bar<br \/>\nDevir : 1075 d\/dk<br \/>\n\u00dcR\u00dcN 1.000LT HAVA TANKI \u0130LE BERABER VER\u0130LMEKTED\u0130R.<\/p>\n","protected":false},"featured_media":18238,"template":"","meta":[],"_links":{"self":[{"href":"https:\/\/www.tuncaykurtmakina.com\/index.php\/wp-json\/wp\/v2\/product\/18237"}],"collection":[{"href":"https:\/\/www.tuncaykurtmakina.com\/index.php\/wp-json\/wp\/v2\/product"}],"about":[{"href":"https:\/\/www.tuncaykurtmakina.com\/index.php\/wp-json\/wp\/v2\/types\/product"}],"wp:featuredmedia":[{"embeddable":true,"href":"https:\/\/www.tuncaykurtmakina.com\/index.php\/wp-json\/wp\/v2\/media\/18238"}],"wp:attachment":[{"href":"https:\/\/www.tuncaykurtmakina.com\/index.php\/wp-json\/wp\/v2\/media?parent=18237"}],"curies":[{"name":"wp","href":"https:\/\/api.w.org\/{rel}","templated":true}]}}