{"id":18224,"date":"2020-09-10T12:29:36","date_gmt":"2020-09-10T09:29:36","guid":{"rendered":"https:\/\/alfadestek.com\/tuncay\/?post_type=product&#038;p=18224"},"modified":"2020-09-10T12:29:36","modified_gmt":"2020-09-10T09:29:36","slug":"398","status":"publish","type":"product","link":"https:\/\/www.tuncaykurtmakina.com\/index.php\/urun\/398\/","title":{"rendered":"398"},"content":{"rendered":"","protected":false},"excerpt":{"rendered":"<p>Teknik \u00d6zellikler<\/p>\n<p>Tutkal Is\u0131nma S\u00fcresi (Takriben)<br \/>\n25 d\/dak<br \/>\nS\u0131kma Kal\u0131nl\u0131\u011f\u0131<br \/>\n0.40 x 3 mm<br \/>\nS\u0131kma Y\u00fcksekli\u011fi<br \/>\n50 mm<br \/>\nS\u0131k\u0131lacak Par\u00e7a Ebatlar\u0131<br \/>\n120\u00d7150 mm<br \/>\n\u00c7al\u0131\u015fma H\u0131z\u0131 (Dakikada)<br \/>\n8 mt<br \/>\nOn Freze Motor Devri<br \/>\n18.000 d\/dak.<br \/>\n\u00d6n Freze B\u0131\u00e7a\u011f\u0131<br \/>\n4 a\u011f\u0131z jilet top.<br \/>\nBa\u015f Son Kesme Motor Devri<br \/>\n12.000 d\/dak.<br \/>\nBa\u015f Son Kesme Testereleri<br \/>\n100 \u00e7ap 24 di\u015f.<br \/>\nFreze Motor Devri (Dakikada)<br \/>\n12.000 d\/dak.<br \/>\nFreze B\u0131\u00e7a\u011f\u0131<br \/>\n6 a\u011f\u0131z R 3<br \/>\nKaz\u0131ma G\u00fcc\u00fc<br \/>\n1 mm<br \/>\nPolisaj Motor Devri<br \/>\n3.000 d\/dak.<br \/>\nElektirik G\u00fcc\u00fc<br \/>\n8 kW<br \/>\nRed\u00fckt\u00f6r Devri (Dakikada)<br \/>\n16 d\/dak.<br \/>\nPinomatik Bar Bas\u0131nc\u0131<br \/>\n4 ATU<br \/>\nTutkal Kazan Hacmi<br \/>\n3.5 kg.<br \/>\nEbatlar<\/p>\n<p>A\u011f\u0131rl\u0131k (Takriben)<br \/>\n1200 kg<br \/>\nY\u00fckseklik<br \/>\n1400 mm<br \/>\nGeni\u015flik<br \/>\n800 mm<br \/>\nBoy<br \/>\n4600 mm<\/p>\n","protected":false},"featured_media":18225,"template":"","meta":[],"_links":{"self":[{"href":"https:\/\/www.tuncaykurtmakina.com\/index.php\/wp-json\/wp\/v2\/product\/18224"}],"collection":[{"href":"https:\/\/www.tuncaykurtmakina.com\/index.php\/wp-json\/wp\/v2\/product"}],"about":[{"href":"https:\/\/www.tuncaykurtmakina.com\/index.php\/wp-json\/wp\/v2\/types\/product"}],"wp:featuredmedia":[{"embeddable":true,"href":"https:\/\/www.tuncaykurtmakina.com\/index.php\/wp-json\/wp\/v2\/media\/18225"}],"wp:attachment":[{"href":"https:\/\/www.tuncaykurtmakina.com\/index.php\/wp-json\/wp\/v2\/media?parent=18224"}],"curies":[{"name":"wp","href":"https:\/\/api.w.org\/{rel}","templated":true}]}}