{"id":18222,"date":"2020-09-10T12:29:03","date_gmt":"2020-09-10T09:29:03","guid":{"rendered":"https:\/\/alfadestek.com\/tuncay\/?post_type=product&#038;p=18222"},"modified":"2020-09-10T12:29:04","modified_gmt":"2020-09-10T09:29:04","slug":"gkb-518","status":"publish","type":"product","link":"https:\/\/www.tuncaykurtmakina.com\/index.php\/urun\/gkb-518\/","title":{"rendered":"GKB 518"},"content":{"rendered":"","protected":false},"excerpt":{"rendered":"<p>Teknik \u00d6zellikler<\/p>\n<p>Tutkal Is\u0131nma S\u00fcresi (Takriben)<br \/>\n25 dk.<br \/>\nS\u0131kma Kal\u0131nl\u0131\u011f\u0131<br \/>\n0.40 x 3 mm<br \/>\nS\u0131kma Y\u00fcksekli\u011fi<br \/>\n50 mm<br \/>\nS\u0131k\u0131lacak Par\u00e7a Ebatlar\u0131<br \/>\n120\u00d7150 mm<br \/>\n\u00c7al\u0131\u015fma H\u0131z\u0131 (Dakikada)<br \/>\n15 m<br \/>\n\u00d6n Freze Motor Devri<br \/>\n12.000 d\/dak.<br \/>\n\u00d6n Freze B\u0131\u00e7a\u011f\u0131<br \/>\n4 a\u011f\u0131z jilet top<br \/>\nBa\u015f Son Kesme Motor Devri<br \/>\n12.000 d\/dak<br \/>\nBa\u015f Son Kesme B\u0131\u00e7a\u011f\u0131<br \/>\n24 a\u011f\u0131z<br \/>\nK\u00f6\u015fe Yuvarlama Motor Devri<br \/>\n12.000 d\/dak<br \/>\nK\u00f6\u015fe Yuvarlama B\u0131\u00e7a\u011f\u0131<br \/>\n6 a\u011f\u0131z R3<br \/>\nKaz\u0131ma G\u00fcc\u00fc<br \/>\n1mm<br \/>\nPolisaj Motor Devri<br \/>\n3.000 d\/dk.<br \/>\nElektrik G\u00fcc\u00fc<br \/>\n8 kw<br \/>\nRed\u00fckt\u00f6r Devri (Dakikada)<br \/>\n20 d\/dk.<br \/>\nPinomatik Bar Bas\u0131nc\u0131<br \/>\n6 AT\u00dc<br \/>\nTutkal Kazan Hacmi<br \/>\n3.5 kg<br \/>\nEbatlar<\/p>\n<p>A\u011f\u0131rl\u0131k (Takriben)<br \/>\n1100 kg<br \/>\nY\u00fckseklik<br \/>\n1550 mm<br \/>\nGeni\u015flik<br \/>\n750 mm<br \/>\nBoy<br \/>\n4100 mm<\/p>\n","protected":false},"featured_media":18223,"template":"","meta":[],"_links":{"self":[{"href":"https:\/\/www.tuncaykurtmakina.com\/index.php\/wp-json\/wp\/v2\/product\/18222"}],"collection":[{"href":"https:\/\/www.tuncaykurtmakina.com\/index.php\/wp-json\/wp\/v2\/product"}],"about":[{"href":"https:\/\/www.tuncaykurtmakina.com\/index.php\/wp-json\/wp\/v2\/types\/product"}],"wp:featuredmedia":[{"embeddable":true,"href":"https:\/\/www.tuncaykurtmakina.com\/index.php\/wp-json\/wp\/v2\/media\/18223"}],"wp:attachment":[{"href":"https:\/\/www.tuncaykurtmakina.com\/index.php\/wp-json\/wp\/v2\/media?parent=18222"}],"curies":[{"name":"wp","href":"https:\/\/api.w.org\/{rel}","templated":true}]}}