{"id":18220,"date":"2020-09-10T12:28:36","date_gmt":"2020-09-10T09:28:36","guid":{"rendered":"https:\/\/alfadestek.com\/tuncay\/?post_type=product&#038;p=18220"},"modified":"2020-09-10T12:28:37","modified_gmt":"2020-09-10T09:28:37","slug":"gkb-418","status":"publish","type":"product","link":"https:\/\/www.tuncaykurtmakina.com\/index.php\/urun\/gkb-418\/","title":{"rendered":"GKB 418"},"content":{"rendered":"","protected":false},"excerpt":{"rendered":"<p>Teknik \u00d6zellikler<\/p>\n<p>Tutkal Is\u0131nma S\u00fcresi (Takriben)<br \/>\n25 dk.<br \/>\nS\u0131kma Kal\u0131nl\u0131\u011f\u0131<br \/>\n0.40 x 3 mm<br \/>\nS\u0131kma Y\u00fcksekli\u011fi<br \/>\n50 mm<br \/>\nS\u0131k\u0131lacak Par\u00e7a Ebatlar\u0131<br \/>\n120\u00d7150 mm<br \/>\n\u00c7al\u0131\u015fma H\u0131z\u0131 (Dakikada)<br \/>\n16 m<br \/>\nK\u00f6\u015fe Yuvarlama Motor Devri<br \/>\n12.000 d\/dak.<br \/>\nK\u00f6\u015fe Yuvarlama B\u0131\u00e7a\u011f\u0131<br \/>\n6 a\u011f\u0131z R3<br \/>\nRad\u00fcs Kaz\u0131ma G\u00fcc\u00fc<br \/>\n1mm<br \/>\nPolisaj Motor Devri<br \/>\n3000 d\/dk<br \/>\nElektrik G\u00fcc\u00fc<br \/>\n7 kW<br \/>\nRed\u00fckt\u00f6r Devri<br \/>\n20 d\/dk<br \/>\nPinomatik Bar Bas\u0131nc\u0131<br \/>\n6 AT\u00dc<br \/>\nTutkal Kazan Hacmi<br \/>\n3 kg<br \/>\nEbatlar<\/p>\n<p>A\u011f\u0131rl\u0131k (Takriben)<br \/>\n900 kg<br \/>\nY\u00fckseklik<br \/>\n1550 mm<br \/>\nGeni\u015flik<br \/>\n750 mm<br \/>\nBoy<br \/>\n3350 mm<\/p>\n","protected":false},"featured_media":18221,"template":"","meta":[],"_links":{"self":[{"href":"https:\/\/www.tuncaykurtmakina.com\/index.php\/wp-json\/wp\/v2\/product\/18220"}],"collection":[{"href":"https:\/\/www.tuncaykurtmakina.com\/index.php\/wp-json\/wp\/v2\/product"}],"about":[{"href":"https:\/\/www.tuncaykurtmakina.com\/index.php\/wp-json\/wp\/v2\/types\/product"}],"wp:featuredmedia":[{"embeddable":true,"href":"https:\/\/www.tuncaykurtmakina.com\/index.php\/wp-json\/wp\/v2\/media\/18221"}],"wp:attachment":[{"href":"https:\/\/www.tuncaykurtmakina.com\/index.php\/wp-json\/wp\/v2\/media?parent=18220"}],"curies":[{"name":"wp","href":"https:\/\/api.w.org\/{rel}","templated":true}]}}