{"id":18216,"date":"2020-09-10T12:26:59","date_gmt":"2020-09-10T09:26:59","guid":{"rendered":"https:\/\/alfadestek.com\/tuncay\/?post_type=product&#038;p=18216"},"modified":"2020-09-10T12:26:59","modified_gmt":"2020-09-10T09:26:59","slug":"543","status":"publish","type":"product","link":"https:\/\/www.tuncaykurtmakina.com\/index.php\/urun\/543\/","title":{"rendered":"543"},"content":{"rendered":"","protected":false},"excerpt":{"rendered":"<p>Nominal ak\u0131m 380-430 V ACP 50-60 hz Ses y\u00fcksekli\u011fi Lwa 82.9 db.<br \/>\nBant kal\u0131nl\u0131\u011f\u0131 0,40 mm- 3 mm \u0130\u015f par\u00e7as\u0131 kal\u0131nl\u0131\u011f\u0131 8-60 mm<br \/>\n\u0130\u015f par\u00e7as\u0131 geni\u015fli\u011fi min. 100 mm \u00c7al\u0131\u015fma h\u0131z\u0131 10 m\/dk- 25 m\/dk<br \/>\n\u00c7al\u0131\u015fma y\u00fcksekli\u011fi 950 mm Kazan hacmi max. 3,5 kg<br \/>\nHava bas\u0131nc\u0131 6-8 atm. \u00d6n freze testere \u00e7ap\u0131 \u00d8 50 x 70 x 20 mm<br \/>\nKaba freze b\u0131\u00e7a\u011f\u0131 \u00d8 49 x 20 Z4 Ba\u015f-Son kesme testere \u00e7ap\u0131 \u00d8 150 x 3,2 &#8211; 2,2 x 30 Z 48 mm<br \/>\nAlt-\u00dcst freze testere \u00e7ap\u0131 \u00d8 49 x r3 mm Trim freze \u00e7ap\u0131 \u00d8 60 x 14 x 16 Z 4 r3 mm<br \/>\nKanal a\u00e7ma testere \u00e7ap\u0131 \u00d8 80 mm- 8,5 mm Max. Yuvarlama mesafesi 36 mm<br \/>\n\u00d6n freze motorlar\u0131, g\u00fcc\u00fc ve devri 1,5 kw 18000 d\/dk Kaba freze motoru g\u00fcc\u00fc ve devri 0,75 kw 18000 d\/dk<br \/>\nBa\u015f-Son kesme motorlar\u0131 g\u00fcc\u00fc ve devri 0,55 kw 18000 d\/dk Alt-\u00dcst freze motorlar\u0131 g\u00fcc\u00fc ve devri 0,75 kw 18000 d\/dk<br \/>\nTrim freze motorlar\u0131 g\u00fcc\u00fc ve devri 0,55 kw 18000 d\/dk Kanal a\u00e7ma motor g\u00fcc\u00fc ve devri 2,6 kw 18000 d\/dk<br \/>\nPolisaj motorlar\u0131 g\u00fcc\u00fc ve devri 0,25 kw 3000 d\/dk S\u0131cak \u00fcfleme elektrik t\u00fcketimi 3 kw 1 clock<br \/>\nPalet zincir motor g\u00fcc\u00fc ve devri 4 kw 37 d\/dk Toplam elektrik g\u00fcc\u00fc 16 kw<br \/>\nMakinenin uzunlu\u011fu 9000 mm Makinenin geni\u015fli\u011fi 1000 mm<br \/>\nMakinenin y\u00fcksekli\u011fi 1700 mm Makinenin a\u011f\u0131rl\u0131\u011f\u0131 6000 kg<\/p>\n","protected":false},"featured_media":18217,"template":"","meta":[],"_links":{"self":[{"href":"https:\/\/www.tuncaykurtmakina.com\/index.php\/wp-json\/wp\/v2\/product\/18216"}],"collection":[{"href":"https:\/\/www.tuncaykurtmakina.com\/index.php\/wp-json\/wp\/v2\/product"}],"about":[{"href":"https:\/\/www.tuncaykurtmakina.com\/index.php\/wp-json\/wp\/v2\/types\/product"}],"wp:featuredmedia":[{"embeddable":true,"href":"https:\/\/www.tuncaykurtmakina.com\/index.php\/wp-json\/wp\/v2\/media\/18217"}],"wp:attachment":[{"href":"https:\/\/www.tuncaykurtmakina.com\/index.php\/wp-json\/wp\/v2\/media?parent=18216"}],"curies":[{"name":"wp","href":"https:\/\/api.w.org\/{rel}","templated":true}]}}