{"id":18214,"date":"2020-09-10T12:26:33","date_gmt":"2020-09-10T09:26:33","guid":{"rendered":"https:\/\/alfadestek.com\/tuncay\/?post_type=product&#038;p=18214"},"modified":"2021-06-24T17:33:58","modified_gmt":"2021-06-24T14:33:58","slug":"alupro-cnc-isleme-merkezi","status":"publish","type":"product","link":"https:\/\/www.tuncaykurtmakina.com\/index.php\/urun\/alupro-cnc-isleme-merkezi\/","title":{"rendered":"ALUPRO-CNC-\u0130\u015fleme-Merkezi"},"content":{"rendered":"","protected":false},"excerpt":{"rendered":"<p>Profilleri sabitlemek i\u00e7in kullan\u0131lan 4 ad. otomatik mengene<br \/>\nProfilleri X y\u00f6n\u00fcnde s\u0131f\u0131rlamak i\u00e7in kullan\u0131lan 2 ad. Pn\u00f6matik dayama<br \/>\n21 in\u00e7 renkli end\u00fcstriyel dokunmatik ekran<br \/>\n1 \u2013 4 mm et kal\u0131nl\u0131\u011f\u0131 i\u00e7in M4\u2019ten M8 di\u015fe kadar a\u00e7\u0131k deliklerde k\u0131lavuz \u00e7ekme \u00f6zelli\u011fi<br \/>\n2 adet \u00e7\u0131k\u0131\u015fl\u0131 PLC kontroll\u00fc pulverize so\u011futma s\u0131v\u0131s\u0131 p\u00fcsk\u00fcrtme sistemi<br \/>\n\u00d6nceden ayarlanm\u0131\u015f 8 makro kullanarak h\u0131zl\u0131 programlama<br \/>\nUSB flash bellek ile program aktarma<br \/>\nStandart ISO \u2018G\u2019 kod programlama dili<br \/>\nOperat\u00f6r g\u00fcvenlik bariyeri<br \/>\nKabin i\u00e7i LED ayd\u0131nlatma<br \/>\nOtomatik tak\u0131m uzunlu\u011fu \u00f6l\u00e7\u00fcm cihaz\u0131<br \/>\n\u00c7al\u0131\u015fma tak\u0131mlar\u0131<br \/>\nKesici tak\u0131mlar, freze, tak\u0131m tutucu ve pensle<br \/>\n1 \u2013 4 mm et kal\u0131nl\u0131\u011f\u0131 i\u00e7in M4\u2019ten M8 di\u015fe kadar a\u00e7\u0131k deliklerde k\u0131lavuz \u00e7ekme \u00f6zelli\u011fi<br \/>\nK\u0131lavuz \u00e7ekme mandreni (M8\u2019e kadar)<br \/>\nBarkod okuyucu<br \/>\nUzaktan ba\u011flant\u0131 \u00f6zelli\u011fi ile teknik destek<br \/>\nOtomatik tak\u0131m uzunlu\u011fu \u00f6l\u00e7\u00fcm cihaz\u0131<br \/>\nEk mengeneler<br \/>\nEl \u00c7ark\u0131<br \/>\n\u00d6zel profiller i\u00e7in ba\u011flama kal\u0131b\u0131 aparat<br \/>\nMengeneler<br \/>\nProgramlanabilir<br \/>\n\u0130ki mengene aras\u0131ndaki en k\u00fc\u00e7\u00fck mesafe 315 mm\u2019dir<br \/>\n\u00c7al\u0131\u015fma A\u00e7\u0131s\u0131<br \/>\n180\u00b0 i\u00e7erisinde herhangi bir a\u00e7\u0131da<br \/>\nServo<br \/>\nKablolama<\/p>\n<p>Yeni nesil<br \/>\nTek kablo \u00fczerinden<br \/>\nSpindle Motor<br \/>\n5,5 kW (7,5 HP)<br \/>\n\u00c7ok D\u00f6n\u00fc\u015fl\u00fc, Apsolit<br \/>\nElektrik kesilmesi veya kapanmas\u0131 durumunda son konum belle\u011fi<br \/>\nKapatt\u0131ktan sonra tekrar a\u00e7\u0131ld\u0131\u011f\u0131nda referans vermeye gerek yoktur<br \/>\nChiller\/So\u011futma<br \/>\n\u0130\u015f mili i\u00e7erisinden motor so\u011futmas\u0131 ile donat\u0131lm\u0131\u015ft\u0131r<br \/>\nYa\u011flama<br \/>\nPulverize ya\u011flama sistemi ile donat\u0131lm\u0131\u015ft\u0131r<br \/>\n\u0130\u015fleme Kapasitesi<br \/>\nUzunluk: 3 metre<br \/>\n250(h)x300 mm<br \/>\nMengene ba\u015f\u0131na ta\u015f\u0131ma kapasitesi<\/p>\n","protected":false},"featured_media":18215,"template":"","meta":[],"_links":{"self":[{"href":"https:\/\/www.tuncaykurtmakina.com\/index.php\/wp-json\/wp\/v2\/product\/18214"}],"collection":[{"href":"https:\/\/www.tuncaykurtmakina.com\/index.php\/wp-json\/wp\/v2\/product"}],"about":[{"href":"https:\/\/www.tuncaykurtmakina.com\/index.php\/wp-json\/wp\/v2\/types\/product"}],"wp:featuredmedia":[{"embeddable":true,"href":"https:\/\/www.tuncaykurtmakina.com\/index.php\/wp-json\/wp\/v2\/media\/18215"}],"wp:attachment":[{"href":"https:\/\/www.tuncaykurtmakina.com\/index.php\/wp-json\/wp\/v2\/media?parent=18214"}],"curies":[{"name":"wp","href":"https:\/\/api.w.org\/{rel}","templated":true}]}}