{"id":18210,"date":"2020-09-10T12:25:24","date_gmt":"2020-09-10T09:25:24","guid":{"rendered":"https:\/\/alfadestek.com\/tuncay\/?post_type=product&#038;p=18210"},"modified":"2021-06-24T17:33:56","modified_gmt":"2021-06-24T14:33:56","slug":"kenar-bantlama-makinasi-3","status":"publish","type":"product","link":"https:\/\/www.tuncaykurtmakina.com\/index.php\/urun\/kenar-bantlama-makinasi-3\/","title":{"rendered":"Kenar Bantlama Makinas\u0131"},"content":{"rendered":"","protected":false},"excerpt":{"rendered":"<p>\u00dcr\u00fcn \u00d6zellikleri:<\/p>\n<p>ALt-\u00dcst Freeze , Polisaj<\/p>\n<p>TEKN\u0130K \u00d6ZELL\u0130KLER<br \/>\nTUTKAL ISINMA S\u00dcRES\u0130 (TAKR\u0130BEN) 25 dk.<br \/>\nSIKMA KALINLI\u011eI 0,40 mm. \u2013 3 mm.<br \/>\nSIKMA Y\u00dcKSEKL\u0130\u011e\u0130 3 mm. \u2013 60 mm.<br \/>\nSIKILACAK PAR\u00c7A EBATLARI 80 mm. \u2013 150 mm.<br \/>\n\u00c7ALI\u015eMA HIZI (MM.\/DK.) 14.000 mm. ( T\u00dcL )<br \/>\nELEKT\u0130R\u0130K G\u00dcC\u00dc 4.5 KW<br \/>\nRED\u0130KT\u00d6R HIZI 17 ( dv.\/ dk.)<br \/>\nP\u0130NOMAT\u0130K BAR BASINCI 4 AT\u00dc<br \/>\nTUTKAL KAZAN HACM\u0130 3 kg.<br \/>\nPOL\u0130SAJ MOTOR DEV\u0130R\u0130 3000 ( dv.\/ dk.)<br \/>\nKAZIMA G\u00dcC\u00dc 1 mm.<br \/>\nFREZE DEVR\u0130 12000 ( dv.\/ dk.)<br \/>\nFREZE BI\u00c7A\u011eI 6 A\u011eIZ 3.R<br \/>\nEBATLAR<br \/>\nBOY 2870 mm.<br \/>\nY\u00dcKSEKL\u0130K 1500 mm.<br \/>\nGEN\u0130\u015eL\u0130K 800 mm.<br \/>\nA\u011eIRLIK (TAKR\u0130BEN) 780 kg.<\/p>\n","protected":false},"featured_media":18211,"template":"","meta":[],"_links":{"self":[{"href":"https:\/\/www.tuncaykurtmakina.com\/index.php\/wp-json\/wp\/v2\/product\/18210"}],"collection":[{"href":"https:\/\/www.tuncaykurtmakina.com\/index.php\/wp-json\/wp\/v2\/product"}],"about":[{"href":"https:\/\/www.tuncaykurtmakina.com\/index.php\/wp-json\/wp\/v2\/types\/product"}],"wp:featuredmedia":[{"embeddable":true,"href":"https:\/\/www.tuncaykurtmakina.com\/index.php\/wp-json\/wp\/v2\/media\/18211"}],"wp:attachment":[{"href":"https:\/\/www.tuncaykurtmakina.com\/index.php\/wp-json\/wp\/v2\/media?parent=18210"}],"curies":[{"name":"wp","href":"https:\/\/api.w.org\/{rel}","templated":true}]}}