{"id":18208,"date":"2020-09-10T12:24:39","date_gmt":"2020-09-10T09:24:39","guid":{"rendered":"https:\/\/alfadestek.com\/tuncay\/?post_type=product&#038;p=18208"},"modified":"2021-06-24T17:33:56","modified_gmt":"2021-06-24T14:33:56","slug":"kenar-bantlama-makinasi-2","status":"publish","type":"product","link":"https:\/\/www.tuncaykurtmakina.com\/index.php\/urun\/kenar-bantlama-makinasi-2\/","title":{"rendered":"Kenar Bantlama Makinas\u0131"},"content":{"rendered":"","protected":false},"excerpt":{"rendered":"<p>\u00dcr\u00fcn \u00d6zellikleri:<\/p>\n<p>Ba\u015f-Son Kesme, Alt- \u00dcst Freze, K\u00f6\u015fe Yuvarlama ( Tr\u0131m ), Kaz\u0131ma, Kanal A\u00e7ma, Polisaj<\/p>\n<p>TEKN\u0130K \u00d6ZELL\u0130KLER<br \/>\nTUTKAL ISINMA S\u00dcRES\u0130 (TAKR\u0130BEN) 25 dk.<br \/>\nSIKMA KALINLI\u011eI 0,40 mm.- 3mm.<br \/>\nSIKMA Y\u00dcKSEKL\u0130\u011e\u0130 3 mm.- 60 mm.<br \/>\nSIKILACAK PAR\u00c7A EBATLARI 80 mm.-150 mm.<br \/>\n\u00c7ALI\u015eMA HIZI (MM.\/DK.) 14.000 mm. ( T\u00dcL )<br \/>\nELEKT\u0130R\u0130K G\u00dcC\u00dc 7.5 KW.<br \/>\nRED\u0130KT\u00d6R HIZI 18 ( dv.\/ dk.)<br \/>\nP\u0130NOMAT\u0130K BAR BASINCI 6 AT\u00dc<br \/>\nTUTKAL KAZAN HACM\u0130 3 kg.<br \/>\nPOL\u0130SAJ MOTOR DEV\u0130R\u0130 3000 ( dv.\/ dk.)<br \/>\nKAZIMA G\u00dcC\u00dc 1 mm.<br \/>\nFREZE DEVR\u0130 12000 ( dv.\/ dk.)<br \/>\nFREZE BI\u00c7A\u011eI 6 A\u011eIZ 3.R<br \/>\nBA\u015e SON KESME MOTOR DEV\u0130R\u0130 12000 ( dv.\/ dk.)<br \/>\nF\u0130N\u0130\u015e MOTOR DEV\u0130R\u0130 12000 ( dv.\/ dk.) X 4<br \/>\nKANAL A\u00c7MA MOTOR DEVR\u0130 12000 ( dv.\/ dk.)<br \/>\nEBATLAR<br \/>\nBOY 4960 mm.<br \/>\nY\u00dcKSEKL\u0130K 1500 mm.<br \/>\nGEN\u0130\u015eL\u0130K 800 mm.<br \/>\nA\u011eIRLIK (TAKR\u0130BEN) 1520 kg.<\/p>\n<p>TECHN\u0130CAL SPECIFICATIONS<br \/>\nGlue haeting time 25 Minute<br \/>\nTightening thchness 0.40 mm \u2013 3 mm<br \/>\nTightening height 3 mm \u2013 60 mm<br \/>\nTightening part dimensions 80 mm \u2013 150 mm<br \/>\nWorking speed ( in minute ) 14.000 mm<br \/>\nElectricity power 7.5KW<br \/>\nReducer rotation ( in minute ) 18 ( rpm )<br \/>\nPneumaticbar pressure 6 ATU<br \/>\nGlue bin volume 3 kgs<br \/>\nPolisaj engine circuit 3000 ( rpm )<br \/>\nEngraving power 1 mm<br \/>\nMilling rotation ( in minute ) 12000 ( rpm )<br \/>\nMilling cutter 3.R<br \/>\nPrimary and shearing engine circuit 12000 ( rpm )<br \/>\nFinish engine circuit 12000 ( rpm )<br \/>\nChanelling engine circuit 12000 ( rpm )<br \/>\nDIMENSIONS<br \/>\nLenght 4960 mm<br \/>\nHeight 1500 mm<br \/>\nWindth 800 mm<br \/>\nWeight ( Average ) 1520 kgs<\/p>\n","protected":false},"featured_media":18209,"template":"","meta":[],"_links":{"self":[{"href":"https:\/\/www.tuncaykurtmakina.com\/index.php\/wp-json\/wp\/v2\/product\/18208"}],"collection":[{"href":"https:\/\/www.tuncaykurtmakina.com\/index.php\/wp-json\/wp\/v2\/product"}],"about":[{"href":"https:\/\/www.tuncaykurtmakina.com\/index.php\/wp-json\/wp\/v2\/types\/product"}],"wp:featuredmedia":[{"embeddable":true,"href":"https:\/\/www.tuncaykurtmakina.com\/index.php\/wp-json\/wp\/v2\/media\/18209"}],"wp:attachment":[{"href":"https:\/\/www.tuncaykurtmakina.com\/index.php\/wp-json\/wp\/v2\/media?parent=18208"}],"curies":[{"name":"wp","href":"https:\/\/api.w.org\/{rel}","templated":true}]}}