{"id":18203,"date":"2020-09-10T12:23:25","date_gmt":"2020-09-10T09:23:25","guid":{"rendered":"https:\/\/alfadestek.com\/tuncay\/?post_type=product&#038;p=18203"},"modified":"2020-09-10T12:23:25","modified_gmt":"2020-09-10T09:23:25","slug":"beta-01-egri-kenar-bantlama-makinasi","status":"publish","type":"product","link":"https:\/\/www.tuncaykurtmakina.com\/index.php\/urun\/beta-01-egri-kenar-bantlama-makinasi\/","title":{"rendered":"Beta-01 E\u011fri Kenar Bantlama Makinas\u0131"},"content":{"rendered":"","protected":false},"excerpt":{"rendered":"<p>Manuel kontroll\u00fc s\u00fcr\u00fcc\u00fc<br \/>\nPnomatik Makas<br \/>\nDijital Operat\u00f6r Paneli<br \/>\nDayan\u0131kl\u0131 Tutkal Kazan\u0131<br \/>\nHem PVC&#8217;ye hem de ah\u015fap malzemeye ayn\u0131 anda tutkal uygulanabilir<br \/>\nDarbelere kar\u015f\u0131 y\u00fcksek mukavemetli f\u0131r\u0131n boya sistemi<\/p>\n<p>TEKN\u0130K \u00d6ZELL\u0130KLER<br \/>\nMODEL : BETA &#8211; 01<br \/>\nVOLTAJ : 380 V<br \/>\nAKIM : 11 AMPER<br \/>\nG\u00dc\u00c7 : 2 KW<br \/>\nFREKANS : 50 Hz<br \/>\nBOY : 1000 mm<br \/>\nY\u00dcKSEKL\u0130K : 900 mm<br \/>\nGEN\u0130\u015eL\u0130K : 1000 mm<br \/>\nA\u011eIRLIK : 150 kg<\/p>\n<p>&nbsp;<\/p>\n","protected":false},"featured_media":18205,"template":"","meta":[],"_links":{"self":[{"href":"https:\/\/www.tuncaykurtmakina.com\/index.php\/wp-json\/wp\/v2\/product\/18203"}],"collection":[{"href":"https:\/\/www.tuncaykurtmakina.com\/index.php\/wp-json\/wp\/v2\/product"}],"about":[{"href":"https:\/\/www.tuncaykurtmakina.com\/index.php\/wp-json\/wp\/v2\/types\/product"}],"wp:featuredmedia":[{"embeddable":true,"href":"https:\/\/www.tuncaykurtmakina.com\/index.php\/wp-json\/wp\/v2\/media\/18205"}],"wp:attachment":[{"href":"https:\/\/www.tuncaykurtmakina.com\/index.php\/wp-json\/wp\/v2\/media?parent=18203"}],"curies":[{"name":"wp","href":"https:\/\/api.w.org\/{rel}","templated":true}]}}