{"id":18192,"date":"2020-09-10T12:22:08","date_gmt":"2020-09-10T09:22:08","guid":{"rendered":"https:\/\/alfadestek.com\/tuncay\/?post_type=product&#038;p=18192"},"modified":"2020-09-10T12:22:08","modified_gmt":"2020-09-10T09:22:08","slug":"kasa-45-90-derece-kesim-makinasi","status":"publish","type":"product","link":"https:\/\/www.tuncaykurtmakina.com\/index.php\/urun\/kasa-45-90-derece-kesim-makinasi\/","title":{"rendered":"KASA 45-90 DERECE KES\u0130M MAK\u0130NASI"},"content":{"rendered":"","protected":false},"excerpt":{"rendered":"<p>KASA 45-90 DERECE KES\u0130M MAK\u0130NASI<\/p>\n<p>(MAY &#8211; KKM)<\/p>\n<p>&nbsp;<\/p>\n<p>MAK\u0130NE \u00d6ZELL\u0130KLER\u0130<\/p>\n<p>\u00a6 Ah\u015fap kap\u0131, panel kap\u0131 ve kaplamal\u0131 kap\u0131 kilit kol anahtar yeri a\u00e7mak i\u00e7in tasarlanm\u0131\u015ft\u0131r.<\/p>\n<p>\u00a6 45\u00b0 &#8211; 90\u00b0 kesim a\u00e7\u0131s\u0131 pnomatik silindir ile h\u0131zl\u0131 ve hassas ayarlanabilir.<\/p>\n<p>\u00a6 Kasa \u00fczerine kaplanan malzemeyi keserken kaplamay\u0131 k\u0131rmaz.<\/p>\n<p>\u00a6 Testere muhafazalar\u0131, i\u015f g\u00fcvenli\u011fine uygun \u015fekilde tasarlanm\u0131\u015ft\u0131r.<\/p>\n<p>\u00a6 Kasa yan \u00f6l\u00e7\u00fcs\u00fc ve ba\u015fl\u0131k \u00f6l\u00e7\u00fcs\u00fc kontrol panelin&#8217;den ayr\u0131 ayr\u0131 okunur.<\/p>\n<p>\u00a6 Kontrol paneli kullan\u0131m\u0131 kolay ve dokunmatik ekranl\u0131d\u0131r.<\/p>\n<p>\u00a6 Otomatik \u00f6l\u00e7\u00fc ayar se\u00e7ene\u011fi opsiyoneldir.<\/p>\n<p>&nbsp;<\/p>\n<p>&nbsp;<\/p>\n<p>&nbsp;<\/p>\n<p>&nbsp;<\/p>\n","protected":false},"featured_media":18195,"template":"","meta":[],"_links":{"self":[{"href":"https:\/\/www.tuncaykurtmakina.com\/index.php\/wp-json\/wp\/v2\/product\/18192"}],"collection":[{"href":"https:\/\/www.tuncaykurtmakina.com\/index.php\/wp-json\/wp\/v2\/product"}],"about":[{"href":"https:\/\/www.tuncaykurtmakina.com\/index.php\/wp-json\/wp\/v2\/types\/product"}],"wp:featuredmedia":[{"embeddable":true,"href":"https:\/\/www.tuncaykurtmakina.com\/index.php\/wp-json\/wp\/v2\/media\/18195"}],"wp:attachment":[{"href":"https:\/\/www.tuncaykurtmakina.com\/index.php\/wp-json\/wp\/v2\/media?parent=18192"}],"curies":[{"name":"wp","href":"https:\/\/api.w.org\/{rel}","templated":true}]}}