{"id":18190,"date":"2020-09-10T11:47:16","date_gmt":"2020-09-10T08:47:16","guid":{"rendered":"https:\/\/alfadestek.com\/tuncay\/?post_type=product&#038;p=18190"},"modified":"2020-09-10T11:47:16","modified_gmt":"2020-09-10T08:47:16","slug":"737","status":"publish","type":"product","link":"https:\/\/www.tuncaykurtmakina.com\/index.php\/urun\/737\/","title":{"rendered":"737"},"content":{"rendered":"","protected":false},"excerpt":{"rendered":"<p>TEKN\u0130K \u00d6ZELL\u0130KLER<br \/>\nNominal ak\u0131m 380-400V ACP-50-60Hz Ses y\u00fcksekli\u011fi WA:111,1 DB(A)<br \/>\nHava bas\u0131nc\u0131 6-8 BAR Boy Ebatlama Testere \u00c7ap\u0131 \u00d8300x\u00d830&#215;3.2mm<br \/>\nEn Ebatlama Testere \u00c7ap\u0131 \u00d8250x30x3,2mm Freze B\u0131\u00e7a\u011f\u0131 \u00d870x50x20 Z4<br \/>\n\u00c7izici Testere \u00c7ap\u0131 \u00d8125x20x3.2mm Tarama B\u0131\u00e7a\u011f\u0131 \u00d819&#215;135 Z:2<br \/>\nAynal\u0131k B\u0131\u00e7a\u011f\u0131 \u00d823.5&#215;55 z4 Kilit Kol B\u0131\u00e7a\u011f\u0131 \u00d825&#215;150 Z4<br \/>\nBoy Kesme Motoru 4kw 3445d\/dk En Kesme Motoru 5,5kw 3000d\/dk<br \/>\nX Ekseni Motoru 0,37kw 3000d\/dk Z\u0131mpara Motoru<br \/>\nFreze motorlar\u0131 1.5kw 12000d\/dk K\u00f6pr\u00fc Motoru 0,75kw 3000d\/dk<br \/>\n2. K\u00f6pr\u00fc Motoru Aynal\u0131k ve Kilit Motoru 2.2kw 1500d\/dk<br \/>\nEksantirik Motoru 0.75kw 1500d\/dk Kilit Grubu Motoru 1.1kw 3000d\/dk<br \/>\nToplam Elektrik G\u00fcc\u00fc 29,66kw Makinenin Eni 2100mm<br \/>\nMakinenin Boyu 4800mm Makinenin Y\u00fcksekli\u011fi 2200mm<br \/>\nMakinenin A\u011f\u0131rl\u011f\u0131 2050kg<\/p>\n","protected":false},"featured_media":18191,"template":"","meta":[],"_links":{"self":[{"href":"https:\/\/www.tuncaykurtmakina.com\/index.php\/wp-json\/wp\/v2\/product\/18190"}],"collection":[{"href":"https:\/\/www.tuncaykurtmakina.com\/index.php\/wp-json\/wp\/v2\/product"}],"about":[{"href":"https:\/\/www.tuncaykurtmakina.com\/index.php\/wp-json\/wp\/v2\/types\/product"}],"wp:featuredmedia":[{"embeddable":true,"href":"https:\/\/www.tuncaykurtmakina.com\/index.php\/wp-json\/wp\/v2\/media\/18191"}],"wp:attachment":[{"href":"https:\/\/www.tuncaykurtmakina.com\/index.php\/wp-json\/wp\/v2\/media?parent=18190"}],"curies":[{"name":"wp","href":"https:\/\/api.w.org\/{rel}","templated":true}]}}