{"id":18188,"date":"2020-09-10T11:46:40","date_gmt":"2020-09-10T08:46:40","guid":{"rendered":"https:\/\/alfadestek.com\/tuncay\/?post_type=product&#038;p=18188"},"modified":"2020-09-10T11:46:41","modified_gmt":"2020-09-10T08:46:41","slug":"749","status":"publish","type":"product","link":"https:\/\/www.tuncaykurtmakina.com\/index.php\/urun\/749\/","title":{"rendered":"749"},"content":{"rendered":"","protected":false},"excerpt":{"rendered":"<p>GENEL \u00d6ZELL\u0130KLER<br \/>\n265 En kesimi<br \/>\n250 Boy kesimi<br \/>\n45\u00b0-90\u00b0 Be\u015fik Hareketi<br \/>\nLamba yeri ve ebatlama ayn\u0131 anda yapabilme \u00f6zelli\u011fi<br \/>\nLinear yatak \u00fczerinde hareket<br \/>\nDijital g\u00f6sterge<\/p>\n","protected":false},"featured_media":18189,"template":"","meta":[],"_links":{"self":[{"href":"https:\/\/www.tuncaykurtmakina.com\/index.php\/wp-json\/wp\/v2\/product\/18188"}],"collection":[{"href":"https:\/\/www.tuncaykurtmakina.com\/index.php\/wp-json\/wp\/v2\/product"}],"about":[{"href":"https:\/\/www.tuncaykurtmakina.com\/index.php\/wp-json\/wp\/v2\/types\/product"}],"wp:featuredmedia":[{"embeddable":true,"href":"https:\/\/www.tuncaykurtmakina.com\/index.php\/wp-json\/wp\/v2\/media\/18189"}],"wp:attachment":[{"href":"https:\/\/www.tuncaykurtmakina.com\/index.php\/wp-json\/wp\/v2\/media?parent=18188"}],"curies":[{"name":"wp","href":"https:\/\/api.w.org\/{rel}","templated":true}]}}