{"id":18186,"date":"2020-09-10T11:46:05","date_gmt":"2020-09-10T08:46:05","guid":{"rendered":"https:\/\/alfadestek.com\/tuncay\/?post_type=product&#038;p=18186"},"modified":"2020-09-10T11:46:06","modified_gmt":"2020-09-10T08:46:06","slug":"750","status":"publish","type":"product","link":"https:\/\/www.tuncaykurtmakina.com\/index.php\/urun\/750\/","title":{"rendered":"750"},"content":{"rendered":"","protected":false},"excerpt":{"rendered":"<p>TEKN\u0130K \u00d6ZELL\u0130KLER<br \/>\nNominal ak\u0131m 380-400V ACP-50-60Hz Ses y\u00fcksekli\u011fi WA:111,1 DB(A)<br \/>\nHava bas\u0131nc\u0131 6-8 BAR Boy Ebatlama Testere \u00c7ap\u0131<br \/>\nEn Ebatlama Testere \u00c7ap\u0131 \u00d8250x30x3,2mm Freze B\u0131\u00e7a\u011f\u0131<br \/>\n\u00c7izici Testere \u00c7ap\u0131 Tarama B\u0131\u00e7a\u011f\u0131<br \/>\nAynal\u0131k B\u0131\u00e7a\u011f\u0131 Kilit Kol B\u0131\u00e7a\u011f\u0131<br \/>\nBoy Kesme Motoru 5,5kw 3000d\/dk En Kesme Motoru<br \/>\nX Ekseni Motoru Z\u0131mpara Motoru<br \/>\nFreze motorlar\u0131 1.5kw 12000d\/dk K\u00f6pr\u00fc Motoru 0,75kw 3000d\/dk<br \/>\n2. K\u00f6pr\u00fc Motoru Aynal\u0131k ve Kilit Motoru<br \/>\nEksantirik Motoru Kilit Grubu Motoru<br \/>\nToplam Elektrik G\u00fcc\u00fc 25,75kw Makinenin Eni 1700mm<br \/>\nMakinenin Boyu 4000mm Makinenin Y\u00fcksekli\u011fi 1700mm<br \/>\nMakinenin A\u011f\u0131rl\u011f\u0131 1450kg<\/p>\n","protected":false},"featured_media":18187,"template":"","meta":[],"_links":{"self":[{"href":"https:\/\/www.tuncaykurtmakina.com\/index.php\/wp-json\/wp\/v2\/product\/18186"}],"collection":[{"href":"https:\/\/www.tuncaykurtmakina.com\/index.php\/wp-json\/wp\/v2\/product"}],"about":[{"href":"https:\/\/www.tuncaykurtmakina.com\/index.php\/wp-json\/wp\/v2\/types\/product"}],"wp:featuredmedia":[{"embeddable":true,"href":"https:\/\/www.tuncaykurtmakina.com\/index.php\/wp-json\/wp\/v2\/media\/18187"}],"wp:attachment":[{"href":"https:\/\/www.tuncaykurtmakina.com\/index.php\/wp-json\/wp\/v2\/media?parent=18186"}],"curies":[{"name":"wp","href":"https:\/\/api.w.org\/{rel}","templated":true}]}}