{"id":18184,"date":"2020-09-10T11:45:37","date_gmt":"2020-09-10T08:45:37","guid":{"rendered":"https:\/\/alfadestek.com\/tuncay\/?post_type=product&#038;p=18184"},"modified":"2020-09-10T11:45:37","modified_gmt":"2020-09-10T08:45:37","slug":"755","status":"publish","type":"product","link":"https:\/\/www.tuncaykurtmakina.com\/index.php\/urun\/755\/","title":{"rendered":"755"},"content":{"rendered":"","protected":false},"excerpt":{"rendered":"<p>TEKN\u0130K \u00d6ZELL\u0130KLER<br \/>\nKilit ve kol aks aras\u0131 99 mm A\u00e7\u0131lan kilit yeri uzunlu\u011fu (max.) 0-200 mm<br \/>\nAyna yeri frezeleme 0-230 mm Mente\u015fe yeri uzunl\u0131\u011fu 0-120 mm<br \/>\nDelme devri 2850 d\/d Freze \u00e7ak\u0131lan devri 12000 d\/d<br \/>\nKilit yeri a\u00e7ma motoru 2,2kw 1500\/d Kilit kol yeri a\u00e7ma motoru 1,1kw 3000d\/d<br \/>\nMente\u015fe yeri a\u00e7ma motoru 1,1kw 12000d\/d Toplam Elektrik G\u00fcc\u00fc 5,5 Kw.<br \/>\nHava Bas\u0131nc\u0131 6-8 Atm. Makinan\u0131n uzunlu\u011fu 2500 mm<br \/>\nMakinan\u0131n geni\u015fli\u011fi 1600 mm Makinan\u0131n y\u00fcksekli\u011fi 1750 mm<br \/>\nMakinan\u0131n a\u011f\u0131rl\u0131\u011f\u0131 900 kg<\/p>\n","protected":false},"featured_media":18185,"template":"","meta":[],"_links":{"self":[{"href":"https:\/\/www.tuncaykurtmakina.com\/index.php\/wp-json\/wp\/v2\/product\/18184"}],"collection":[{"href":"https:\/\/www.tuncaykurtmakina.com\/index.php\/wp-json\/wp\/v2\/product"}],"about":[{"href":"https:\/\/www.tuncaykurtmakina.com\/index.php\/wp-json\/wp\/v2\/types\/product"}],"wp:featuredmedia":[{"embeddable":true,"href":"https:\/\/www.tuncaykurtmakina.com\/index.php\/wp-json\/wp\/v2\/media\/18185"}],"wp:attachment":[{"href":"https:\/\/www.tuncaykurtmakina.com\/index.php\/wp-json\/wp\/v2\/media?parent=18184"}],"curies":[{"name":"wp","href":"https:\/\/api.w.org\/{rel}","templated":true}]}}