{"id":18176,"date":"2020-09-10T11:44:16","date_gmt":"2020-09-10T08:44:16","guid":{"rendered":"https:\/\/alfadestek.com\/tuncay\/?post_type=product&#038;p=18176"},"modified":"2020-09-10T11:44:16","modified_gmt":"2020-09-10T08:44:16","slug":"servo-motorlu-kapi-kol-kilit-makinasi-may-d-600-s","status":"publish","type":"product","link":"https:\/\/www.tuncaykurtmakina.com\/index.php\/urun\/servo-motorlu-kapi-kol-kilit-makinasi-may-d-600-s\/","title":{"rendered":"SERVO MOTORLU KAPI KOL K\u0130L\u0130T MAK\u0130NASI &#8211; MAY D-600 S"},"content":{"rendered":"","protected":false},"excerpt":{"rendered":"<p>SERVO MOTORLU KAPI KOL K\u0130L\u0130T MAK\u0130NASI<\/p>\n<p>(MAY D-600 S)<\/p>\n<p>MAK\u0130NE \u00d6ZELL\u0130KLER\u0130<\/p>\n<p>\u00a6 Ah\u015fap kap\u0131, panel kap\u0131 ve kaplamal\u0131 kap\u0131 kilit kol anahtar yeri a\u00e7mak i\u00e7in tasarlanm\u0131\u015ft\u0131r.<\/p>\n<p>\u00a6 Kilit derinlik \u00f6l\u00e7\u00fcs\u00fcn\u00fc, kol ve anahtar delik merkezi ayarlar\u0131n\u0131 dokunmatik kontrol panelinden \u00f6l\u00e7\u00fc yazarak de\u011fi\u015ftirilebilir.<\/p>\n<p>\u00a6 Barel kilit a\u00e7abilir.<\/p>\n<p>\u00a6 Makine Plc kontrolle \u00e7al\u0131\u015f\u0131r ve dokunmatik ekranl\u0131d\u0131r.<\/p>\n<p>\u00a6 Kilit, kol ve anahtar yerini h\u0131zl\u0131 ve hassas yapar.<\/p>\n<p>\u00a6 Eksen hareketlerinde servo motor ve vidal\u0131 mil kullan\u0131lm\u0131\u015ft\u0131r.<\/p>\n<p>&nbsp;<\/p>\n<p>&nbsp;<\/p>\n<p>&nbsp;<\/p>\n<p>&nbsp;<\/p>\n<p>&nbsp;<\/p>\n","protected":false},"featured_media":18177,"template":"","meta":[],"_links":{"self":[{"href":"https:\/\/www.tuncaykurtmakina.com\/index.php\/wp-json\/wp\/v2\/product\/18176"}],"collection":[{"href":"https:\/\/www.tuncaykurtmakina.com\/index.php\/wp-json\/wp\/v2\/product"}],"about":[{"href":"https:\/\/www.tuncaykurtmakina.com\/index.php\/wp-json\/wp\/v2\/types\/product"}],"wp:featuredmedia":[{"embeddable":true,"href":"https:\/\/www.tuncaykurtmakina.com\/index.php\/wp-json\/wp\/v2\/media\/18177"}],"wp:attachment":[{"href":"https:\/\/www.tuncaykurtmakina.com\/index.php\/wp-json\/wp\/v2\/media?parent=18176"}],"curies":[{"name":"wp","href":"https:\/\/api.w.org\/{rel}","templated":true}]}}