{"id":18159,"date":"2020-09-10T11:36:56","date_gmt":"2020-09-10T08:36:56","guid":{"rendered":"https:\/\/alfadestek.com\/tuncay\/?post_type=product&#038;p=18159"},"modified":"2020-09-10T11:36:56","modified_gmt":"2020-09-10T08:36:56","slug":"kapi-kol-kilit-ve-mentese-makinasi-may-c-700","status":"publish","type":"product","link":"https:\/\/www.tuncaykurtmakina.com\/index.php\/urun\/kapi-kol-kilit-ve-mentese-makinasi-may-c-700\/","title":{"rendered":"KAPI KOL K\u0130L\u0130T VE MENTE\u015eE MAK\u0130NASI &#8211; MAY C-700"},"content":{"rendered":"","protected":false},"excerpt":{"rendered":"<p>KAPI KOL K\u0130L\u0130T VE MENTE\u015eE MAK\u0130NASI<br \/>\nDOOR LOCK AND DOOR HINGE DRILLING MACHINE<br \/>\nMAY C-700<br \/>\nMAK\u0130NE \u00d6ZELL\u0130KLER\u0130<br \/>\n\u00a6 Ah\u015fap kap\u0131, panel kap\u0131 ve kaplamal\u0131 kap\u0131 kilit kol anahtar yeri ve<br \/>\nmente\u015fe yeri a\u00e7mak i\u00e7in tasarlanm\u0131\u015ft\u0131r.<br \/>\n\u00a6 Kilit derinlik ayar\u0131n\u0131 kontrol panelinden \u00f6l\u00e7\u00fc yazarak otomatik<br \/>\nayarlar.<br \/>\n\u00a6 Barel kilit a\u00e7abilir.<br \/>\n\u00a6 Makine Plc kontrolle \u00e7al\u0131\u015f\u0131r ve dokunmatik ekranl\u0131d\u0131r.<br \/>\n\u00a6 Kilit, kol, anahtar ve mente\u015fe yerini h\u0131zl\u0131 ve hassas yapar.<br \/>\nMACHINE PROPERTIES<br \/>\n\u00a6 Wooden doors, panel doors and veneered door lock arm are<br \/>\ndesigned to open key place and hinge place.<br \/>\n\u00a6 Automatically adjusts the lock depth setting by typing the<br \/>\nmeasurement from the control panel.<br \/>\n\u00a6 The outer door can open the lock.<br \/>\n\u00a6 Machine Plc works with control and has touch screen.<br \/>\n\u00a6 The lock, lever switch and hinge make the place fast and<br \/>\nprecise.<\/p>\n<p>&nbsp;<\/p>\n","protected":false},"featured_media":18161,"template":"","meta":[],"_links":{"self":[{"href":"https:\/\/www.tuncaykurtmakina.com\/index.php\/wp-json\/wp\/v2\/product\/18159"}],"collection":[{"href":"https:\/\/www.tuncaykurtmakina.com\/index.php\/wp-json\/wp\/v2\/product"}],"about":[{"href":"https:\/\/www.tuncaykurtmakina.com\/index.php\/wp-json\/wp\/v2\/types\/product"}],"wp:featuredmedia":[{"embeddable":true,"href":"https:\/\/www.tuncaykurtmakina.com\/index.php\/wp-json\/wp\/v2\/media\/18161"}],"wp:attachment":[{"href":"https:\/\/www.tuncaykurtmakina.com\/index.php\/wp-json\/wp\/v2\/media?parent=18159"}],"curies":[{"name":"wp","href":"https:\/\/api.w.org\/{rel}","templated":true}]}}