{"id":18155,"date":"2020-09-10T11:32:54","date_gmt":"2020-09-10T08:32:54","guid":{"rendered":"https:\/\/alfadestek.com\/tuncay\/?post_type=product&#038;p=18155"},"modified":"2020-09-10T11:32:55","modified_gmt":"2020-09-10T08:32:55","slug":"portatif_yatarli_gonye_kesme_makinasi_300mm","status":"publish","type":"product","link":"https:\/\/www.tuncaykurtmakina.com\/index.php\/urun\/portatif_yatarli_gonye_kesme_makinasi_300mm\/","title":{"rendered":"Portatif_Yatarli_Gonye_Kesme_Makinasi_300mm"},"content":{"rendered":"","protected":false},"excerpt":{"rendered":"<p>Portatif Kesim Makinalar\u0131<br \/>\n\u00dcr\u00fcn Kodu: Portatif Yatarl\u0131 G\u00f6nye Kesme Makinas\u0131 (300mm)<br \/>\nA\u011fa\u00e7, plastik malzeme (PVC) veya hafif ala\u015f\u0131mlar (al\u00fcminyum profil) kesme i\u015flemleri i\u00e7in tasarlanm\u0131\u015f ve imal edilmi\u015ftir.<br \/>\n\u00dcst tablada,testerenin \u00fcst k\u0131sm\u0131yla, ah\u015fap pano ve tali \u00fcr\u00fcnleri ile al\u00fcminyum ve pvc profillerin \u015ferit kesim i\u015flemleri yap\u0131labilir.<br \/>\nBlok halindeki kare veya dikd\u00f6rtgen kesitli kesiminde, al\u00fcminyum veya plastik kap\u0131 veya pencere profillerinin belirli derecelerle kesiminde kullan\u0131l\u0131r<\/p>\n<p>\u00d6ZELL\u0130KLER<br \/>\n300 mm daire testere ile kesim<br \/>\n30-32 mm testere adapt\u00f6r burcu<br \/>\nKilitleyerek y\u00fcksek kesim hassasiyetinde s\u00fcreklilik<br \/>\nBilyal\u0131 ve \u00e7atal yataklama sistemi<br \/>\nY\u00fckseklik ayarl\u0131 \u00fcst kesim tablas\u0131<br \/>\nAyarl\u0131 mengene sistemi<br \/>\nSa\u011fa-Sola 15 &#8211; 22,5 &#8211; 30 &#8211; 45 &#8211; 90\u00b0 kesim yapma imkan\u0131<br \/>\nKafa sola 45\u00b0 yatar durumda kesim yapma imkan\u0131*<br \/>\nStandart Ekipmanlar<br \/>\nProfil dayama aparat\u0131<br \/>\n2 adet 6mm alyan anahtar Mengene<br \/>\nOpsiyonel Ekipmanlar<br \/>\n300 mm testere<br \/>\n\u0130kinci mengene<\/p>\n","protected":false},"featured_media":18156,"template":"","meta":[],"_links":{"self":[{"href":"https:\/\/www.tuncaykurtmakina.com\/index.php\/wp-json\/wp\/v2\/product\/18155"}],"collection":[{"href":"https:\/\/www.tuncaykurtmakina.com\/index.php\/wp-json\/wp\/v2\/product"}],"about":[{"href":"https:\/\/www.tuncaykurtmakina.com\/index.php\/wp-json\/wp\/v2\/types\/product"}],"wp:featuredmedia":[{"embeddable":true,"href":"https:\/\/www.tuncaykurtmakina.com\/index.php\/wp-json\/wp\/v2\/media\/18156"}],"wp:attachment":[{"href":"https:\/\/www.tuncaykurtmakina.com\/index.php\/wp-json\/wp\/v2\/media?parent=18155"}],"curies":[{"name":"wp","href":"https:\/\/api.w.org\/{rel}","templated":true}]}}