{"id":18149,"date":"2020-09-10T11:31:16","date_gmt":"2020-09-10T08:31:16","guid":{"rendered":"https:\/\/alfadestek.com\/tuncay\/?post_type=product&#038;p=18149"},"modified":"2020-09-10T11:31:16","modified_gmt":"2020-09-10T08:31:16","slug":"astra_2","status":"publish","type":"product","link":"https:\/\/www.tuncaykurtmakina.com\/index.php\/urun\/astra_2\/","title":{"rendered":"Astra_2"},"content":{"rendered":"","protected":false},"excerpt":{"rendered":"<p>Motor G\u00fcc\u00fc: 800W,230V,50-60 HZ<br \/>\nTestere Ebatlar\u0131: D=300 mm,d=30-32 mm<br \/>\nTestere H\u0131z\u0131: 3000 r.p.m.<br \/>\nEbatlar: 62x49x41 cm<br \/>\nA\u011f\u0131rl\u0131k: 32 kg<\/p>\n","protected":false},"featured_media":18150,"template":"","meta":[],"_links":{"self":[{"href":"https:\/\/www.tuncaykurtmakina.com\/index.php\/wp-json\/wp\/v2\/product\/18149"}],"collection":[{"href":"https:\/\/www.tuncaykurtmakina.com\/index.php\/wp-json\/wp\/v2\/product"}],"about":[{"href":"https:\/\/www.tuncaykurtmakina.com\/index.php\/wp-json\/wp\/v2\/types\/product"}],"wp:featuredmedia":[{"embeddable":true,"href":"https:\/\/www.tuncaykurtmakina.com\/index.php\/wp-json\/wp\/v2\/media\/18150"}],"wp:attachment":[{"href":"https:\/\/www.tuncaykurtmakina.com\/index.php\/wp-json\/wp\/v2\/media?parent=18149"}],"curies":[{"name":"wp","href":"https:\/\/api.w.org\/{rel}","templated":true}]}}