{"id":18141,"date":"2020-09-10T11:29:02","date_gmt":"2020-09-10T08:29:02","guid":{"rendered":"https:\/\/alfadestek.com\/tuncay\/?post_type=product&#038;p=18141"},"modified":"2020-09-10T11:29:03","modified_gmt":"2020-09-10T08:29:03","slug":"crater-06-a-550","status":"publish","type":"product","link":"https:\/\/www.tuncaykurtmakina.com\/index.php\/urun\/crater-06-a-550\/","title":{"rendered":"CRATER-06-A-550"},"content":{"rendered":"","protected":false},"excerpt":{"rendered":"<p>Motor G\u00fcc\u00fc: 4.0 kW, 5.5 HP<br \/>\n220 V, 50\/60 Hz<br \/>\nTestere Ebatlar\u0131: D=550 mm d=30-32 mm<br \/>\nTestere H\u0131z\u0131: 2400 r.p.m.<br \/>\nEbatlar: 152 x 133 x 152 cm<br \/>\nA\u011f\u0131rl\u0131k: 480 kg<br \/>\nHava Bas\u0131nc\u0131: 6-8 Bar, 30lt\/min<\/p>\n","protected":false},"featured_media":18142,"template":"","meta":[],"_links":{"self":[{"href":"https:\/\/www.tuncaykurtmakina.com\/index.php\/wp-json\/wp\/v2\/product\/18141"}],"collection":[{"href":"https:\/\/www.tuncaykurtmakina.com\/index.php\/wp-json\/wp\/v2\/product"}],"about":[{"href":"https:\/\/www.tuncaykurtmakina.com\/index.php\/wp-json\/wp\/v2\/types\/product"}],"wp:featuredmedia":[{"embeddable":true,"href":"https:\/\/www.tuncaykurtmakina.com\/index.php\/wp-json\/wp\/v2\/media\/18142"}],"wp:attachment":[{"href":"https:\/\/www.tuncaykurtmakina.com\/index.php\/wp-json\/wp\/v2\/media?parent=18141"}],"curies":[{"name":"wp","href":"https:\/\/api.w.org\/{rel}","templated":true}]}}