{"id":18139,"date":"2020-09-10T11:28:26","date_gmt":"2020-09-10T08:28:26","guid":{"rendered":"https:\/\/alfadestek.com\/tuncay\/?post_type=product&#038;p=18139"},"modified":"2020-09-10T11:28:26","modified_gmt":"2020-09-10T08:28:26","slug":"crater-a_450","status":"publish","type":"product","link":"https:\/\/www.tuncaykurtmakina.com\/index.php\/urun\/crater-a_450\/","title":{"rendered":"Crater-A_450"},"content":{"rendered":"","protected":false},"excerpt":{"rendered":"<p>Motor G\u00fcc\u00fc: 2.2 kW,3HP, 400V- 230V, 50\/60 Hz<br \/>\nTestere Ebatlar\u0131: D=450 mm d=30-32 mm<br \/>\nTestere H\u0131z\u0131: 3000 r.p.m.<br \/>\nEbatlar: 80x96x138 cm<br \/>\nA\u011f\u0131rl\u0131k: 225 kg<br \/>\nHava Bas\u0131nc\u0131: 6-8 Bar, 5lt\/min<\/p>\n","protected":false},"featured_media":18140,"template":"","meta":[],"_links":{"self":[{"href":"https:\/\/www.tuncaykurtmakina.com\/index.php\/wp-json\/wp\/v2\/product\/18139"}],"collection":[{"href":"https:\/\/www.tuncaykurtmakina.com\/index.php\/wp-json\/wp\/v2\/product"}],"about":[{"href":"https:\/\/www.tuncaykurtmakina.com\/index.php\/wp-json\/wp\/v2\/types\/product"}],"wp:featuredmedia":[{"embeddable":true,"href":"https:\/\/www.tuncaykurtmakina.com\/index.php\/wp-json\/wp\/v2\/media\/18140"}],"wp:attachment":[{"href":"https:\/\/www.tuncaykurtmakina.com\/index.php\/wp-json\/wp\/v2\/media?parent=18139"}],"curies":[{"name":"wp","href":"https:\/\/api.w.org\/{rel}","templated":true}]}}