{"id":18137,"date":"2020-09-10T11:27:54","date_gmt":"2020-09-10T08:27:54","guid":{"rendered":"https:\/\/alfadestek.com\/tuncay\/?post_type=product&#038;p=18137"},"modified":"2020-09-10T11:27:54","modified_gmt":"2020-09-10T08:27:54","slug":"zigma-double-head-automatic-saws-450-mm","status":"publish","type":"product","link":"https:\/\/www.tuncaykurtmakina.com\/index.php\/urun\/zigma-double-head-automatic-saws-450-mm\/","title":{"rendered":"Zigma-Double-Head-Automatic-Saws-450-mm"},"content":{"rendered":"","protected":false},"excerpt":{"rendered":"<p>Al\u00fcminyum ve PVC Profilleri t\u00fcm a\u00e7\u0131larda ve istenilen uzunlukta kesimi i\u00e7in \u00fcretilmi\u015ftir<br \/>\nHer iki kafa, 45\u00b0 ve 90\u00b0\u2019lerde otomatik, di\u011fer derecelerde manuel olarak ayarlanabilir<br \/>\nFarkl\u0131 modelleri \u00fcretilmektedir<br \/>\nOperat\u00f6r kumanda paneli dokunmatiktir<br \/>\nKesim \u00fcnitesi hidro-pn\u00f6matik olup, kesilecek olan malzeme cinsine g\u00f6re kesme h\u0131z\u0131 hassas bir \u015fekilde ayarlanabilir<br \/>\nDilimleme, par\u00e7a say\u0131s\u0131n\u0131 girme ve programlama gibi re\u00e7eteleme \u00f6zelli\u011fi mevcuttur<br \/>\nStroktan daha b\u00fcy\u00fck kesim yap\u0131labilir<br \/>\nG\u00fc\u00e7l\u00fc makine g\u00f6vdesi<br \/>\nDi\u011fer markalara g\u00f6re daha fazla kesme kapasitesi<br \/>\nRayl\u0131 araba sistemi<br \/>\nServo motor hareketi<br \/>\nTala\u015f bo\u015faltma manifoldu<br \/>\nD\u00fcnya markas\u0131 bile\u015fenler<br \/>\n\u00d8 450 mm i\u00e7in<br \/>\n45\u00b0 Kesme Kapasitesi: 176 x 200 mm<br \/>\n90\u00b0 Kesme Kapasitesi: 176 x 285 mm<br \/>\nStrok : min.: 450 mm, max.: 4.000 mm<br \/>\nMotor G\u00fcc\u00fc : 2\u00d72.2 kW 400 V, 50\/60 Hz<br \/>\nTestere Ebatlar\u0131 : D=450 mm,d=30\/32 mm<br \/>\nTestere H\u0131z\u0131 : 3000 r.p.m.<br \/>\nHava Bas\u0131nc\u0131 : 6-8 Bar 50 lt\/min<br \/>\nEbatlar : 630x172x199 cm<br \/>\nA\u011f\u0131rl\u0131k : 1250 kg<\/p>\n","protected":false},"featured_media":18138,"template":"","meta":[],"_links":{"self":[{"href":"https:\/\/www.tuncaykurtmakina.com\/index.php\/wp-json\/wp\/v2\/product\/18137"}],"collection":[{"href":"https:\/\/www.tuncaykurtmakina.com\/index.php\/wp-json\/wp\/v2\/product"}],"about":[{"href":"https:\/\/www.tuncaykurtmakina.com\/index.php\/wp-json\/wp\/v2\/types\/product"}],"wp:featuredmedia":[{"embeddable":true,"href":"https:\/\/www.tuncaykurtmakina.com\/index.php\/wp-json\/wp\/v2\/media\/18138"}],"wp:attachment":[{"href":"https:\/\/www.tuncaykurtmakina.com\/index.php\/wp-json\/wp\/v2\/media?parent=18137"}],"curies":[{"name":"wp","href":"https:\/\/api.w.org\/{rel}","templated":true}]}}