{"id":18134,"date":"2020-09-10T11:27:21","date_gmt":"2020-09-10T08:27:21","guid":{"rendered":"https:\/\/alfadestek.com\/tuncay\/?post_type=product&#038;p=18134"},"modified":"2020-09-10T11:27:21","modified_gmt":"2020-09-10T08:27:21","slug":"crater-ap500-profil-dilimleme-makinesi","status":"publish","type":"product","link":"https:\/\/www.tuncaykurtmakina.com\/index.php\/urun\/crater-ap500-profil-dilimleme-makinesi\/","title":{"rendered":"Crater-AP500-Profil-Dilimleme-Makinesi"},"content":{"rendered":"","protected":false},"excerpt":{"rendered":"<p>Motor G\u00fcc\u00fc: 4.0 kW, 5.5 HP<br \/>\n400 V, 50\/60 Hz<br \/>\nTestere Ebatlar\u0131: D=500 mm d=30-32 mm<br \/>\nTestere H\u0131z\u0131: 3000 r.p.m.<br \/>\nEbatlar: 154x121x139 cm<br \/>\nA\u011f\u0131rl\u0131k: 520 kg<br \/>\nHava Bas\u0131nc\u0131: 6-8 Bar, 50lt\/min<\/p>\n","protected":false},"featured_media":18136,"template":"","meta":[],"_links":{"self":[{"href":"https:\/\/www.tuncaykurtmakina.com\/index.php\/wp-json\/wp\/v2\/product\/18134"}],"collection":[{"href":"https:\/\/www.tuncaykurtmakina.com\/index.php\/wp-json\/wp\/v2\/product"}],"about":[{"href":"https:\/\/www.tuncaykurtmakina.com\/index.php\/wp-json\/wp\/v2\/types\/product"}],"wp:featuredmedia":[{"embeddable":true,"href":"https:\/\/www.tuncaykurtmakina.com\/index.php\/wp-json\/wp\/v2\/media\/18136"}],"wp:attachment":[{"href":"https:\/\/www.tuncaykurtmakina.com\/index.php\/wp-json\/wp\/v2\/media?parent=18134"}],"curies":[{"name":"wp","href":"https:\/\/api.w.org\/{rel}","templated":true}]}}