{"id":18132,"date":"2020-09-10T11:26:05","date_gmt":"2020-09-10T08:26:05","guid":{"rendered":"https:\/\/alfadestek.com\/tuncay\/?post_type=product&#038;p=18132"},"modified":"2020-09-10T11:26:05","modified_gmt":"2020-09-10T08:26:05","slug":"freze-2","status":"publish","type":"product","link":"https:\/\/www.tuncaykurtmakina.com\/index.php\/urun\/freze-2\/","title":{"rendered":"FREZE"},"content":{"rendered":"","protected":false},"excerpt":{"rendered":"<p>Al\u00fcminyum ve PVC profillerde kullan\u0131l\u0131r.<br \/>\nKay\u0131\u015f kasnakl\u0131 sistem, k\u00f6m\u00fcr yataklamal\u0131 motor kullan\u0131lmamaktad\u0131r.<br \/>\nKilit, kol yeri, mente\u015fe ve ispanyolet yuvalar\u0131 i\u00e7in.<br \/>\n\u015eablonu de\u011fi\u015ftirerek \u00f6zel \u015fekiller i\u00e7in kullan\u0131labilir.<br \/>\nMotor G\u00fcc\u00fc: 1,1 kW,230V, 50-60 Hz<br \/>\nEbatlar: 55x46x145 cm<br \/>\nA\u011f\u0131rl\u0131k: 60 kg<br \/>\nFreze H\u0131z\u0131: 14000 r.p.m.<br \/>\n\u0130\u015fleme Kapasitesi: X=235 mm, Y=120 mm, Z=150 mm<\/p>\n","protected":false},"featured_media":18133,"template":"","meta":[],"_links":{"self":[{"href":"https:\/\/www.tuncaykurtmakina.com\/index.php\/wp-json\/wp\/v2\/product\/18132"}],"collection":[{"href":"https:\/\/www.tuncaykurtmakina.com\/index.php\/wp-json\/wp\/v2\/product"}],"about":[{"href":"https:\/\/www.tuncaykurtmakina.com\/index.php\/wp-json\/wp\/v2\/types\/product"}],"wp:featuredmedia":[{"embeddable":true,"href":"https:\/\/www.tuncaykurtmakina.com\/index.php\/wp-json\/wp\/v2\/media\/18133"}],"wp:attachment":[{"href":"https:\/\/www.tuncaykurtmakina.com\/index.php\/wp-json\/wp\/v2\/media?parent=18132"}],"curies":[{"name":"wp","href":"https:\/\/api.w.org\/{rel}","templated":true}]}}