{"id":18128,"date":"2020-09-10T11:24:58","date_gmt":"2020-09-10T08:24:58","guid":{"rendered":"https:\/\/alfadestek.com\/tuncay\/?post_type=product&#038;p=18128"},"modified":"2020-09-10T11:24:58","modified_gmt":"2020-09-10T08:24:58","slug":"freze-2200","status":"publish","type":"product","link":"https:\/\/www.tuncaykurtmakina.com\/index.php\/urun\/freze-2200\/","title":{"rendered":"FREZE 2200"},"content":{"rendered":"","protected":false},"excerpt":{"rendered":"<table width=\"462\">\n<tbody>\n<tr>\n<td width=\"277\">Makina Tipi<\/td>\n<td width=\"185\">SR 2200<\/td>\n<\/tr>\n<tr>\n<td width=\"277\">Tabela Ebad\u0131<\/td>\n<td width=\"185\">1000*750mm<\/td>\n<\/tr>\n<tr>\n<td width=\"277\">Freze Y\u00fcksekli\u011fi<\/td>\n<td width=\"185\">850mm<\/td>\n<\/tr>\n<tr>\n<td width=\"277\">Mil \u00c7ap\u0131<\/td>\n<td width=\"185\">30mm<\/td>\n<\/tr>\n<tr>\n<td width=\"277\">Pens<\/td>\n<td width=\"185\">10\/12\/14\/16mm<\/td>\n<\/tr>\n<tr>\n<td width=\"277\">Mil Kursu<\/td>\n<td width=\"185\">150<\/td>\n<\/tr>\n<tr>\n<td width=\"277\">Mil Morsu<\/td>\n<td width=\"185\">5<\/td>\n<\/tr>\n<tr>\n<td width=\"277\">Mil Devirleri<\/td>\n<td width=\"185\">4000*6000*8000*10.000<\/td>\n<\/tr>\n<tr>\n<td width=\"277\">Motor G\u00fcc\u00fc<\/td>\n<td width=\"185\">5.5 hp<\/td>\n<\/tr>\n<tr>\n<td width=\"277\">Takribi A\u011f\u0131rl\u0131k<\/td>\n<td width=\"185\">600 kg<\/td>\n<\/tr>\n<\/tbody>\n<\/table>\n","protected":false},"featured_media":18129,"template":"","meta":[],"_links":{"self":[{"href":"https:\/\/www.tuncaykurtmakina.com\/index.php\/wp-json\/wp\/v2\/product\/18128"}],"collection":[{"href":"https:\/\/www.tuncaykurtmakina.com\/index.php\/wp-json\/wp\/v2\/product"}],"about":[{"href":"https:\/\/www.tuncaykurtmakina.com\/index.php\/wp-json\/wp\/v2\/types\/product"}],"wp:featuredmedia":[{"embeddable":true,"href":"https:\/\/www.tuncaykurtmakina.com\/index.php\/wp-json\/wp\/v2\/media\/18129"}],"wp:attachment":[{"href":"https:\/\/www.tuncaykurtmakina.com\/index.php\/wp-json\/wp\/v2\/media?parent=18128"}],"curies":[{"name":"wp","href":"https:\/\/api.w.org\/{rel}","templated":true}]}}