{"id":18121,"date":"2020-09-10T11:22:20","date_gmt":"2020-09-10T08:22:20","guid":{"rendered":"https:\/\/alfadestek.com\/tuncay\/?post_type=product&#038;p=18121"},"modified":"2020-09-10T11:22:20","modified_gmt":"2020-09-10T08:22:20","slug":"mega-4d-dijital-coklu-delik-makinasi","status":"publish","type":"product","link":"https:\/\/www.tuncaykurtmakina.com\/index.php\/urun\/mega-4d-dijital-coklu-delik-makinasi\/","title":{"rendered":"Mega 4D Dijital \u00c7oklu Delik Makinas\u0131"},"content":{"rendered":"","protected":false},"excerpt":{"rendered":"<p>DEL\u0130K DELME<br \/>\n1- 90 derec D\u00f6nebilme 21 Delik \u00a0\u00dcnitesi<br \/>\n2- 21 Kafa Yatay Delik \u00dcnitesi<br \/>\n3- Manuel Kontroll\u00fc Motor Sistemi<br \/>\n4- Delme Derinli\u011fi ayarlama<br \/>\n5- Opar\u00f6r Paneli<br \/>\n6- G\u00fcvenli \u00c7al\u0131\u015ft\u0131rma Sistemi<br \/>\n7- Manuel Dayama Pistonu<\/p>\n<p>TEKN\u0130K \u00d6ZELL\u0130KLER<br \/>\nPattern \u00a0 \u00a0 \u00a0 \u00a0 \u00a0 \u00a0 \u00a0 \u00a0 \u00a0 MEGA 4D<br \/>\nVoltage \u00a0 \u00a0 \u00a0 \u00a0 \u00a0 \u00a0 \u00a0 \u00a0 \u00a0 380<br \/>\nElectricity\u00a0\u00a0\u00a0\u00a0\u00a0\u00a0\u00a0\u00a0\u00a0\u00a0\u00a0\u00a0\u00a0 9 \u00a0A<br \/>\nPower \u00a0 \u00a0 \u00a0 \u00a0 \u00a0 \u00a0 \u00a0 \u00a0 \u00a0 \u00a04 kw<br \/>\nFrequency \u00a0 \u00a0 \u00a0 \u00a0 \u00a0 \u00a0 \u00a050 Hz<br \/>\nProduction Year \u00a0 \u00a0 \u00a02014<br \/>\nSize\u00a0\u00a0\u00a0\u00a0\u00a0\u00a0\u00a0\u00a0\u00a0\u00a0\u00a0\u00a0\u00a0\u00a0\u00a0\u00a0\u00a0\u00a0\u00a0\u00a02075 mm<br \/>\nHeight \u00a0 \u00a0 \u00a0 \u00a0 \u00a0 \u00a0 \u00a0 \u00a0 \u00a0 1450 mm<br \/>\nWidth \u00a0 \u00a0 \u00a0 \u00a0 \u00a0 \u00a0 \u00a0 \u00a0 \u00a0 \u00a01650 mm<br \/>\nWeight \u00a0 \u00a0 \u00a0 \u00a0 \u00a0 \u00a0 \u00a0 \u00a0 \u00a0 750 kg<\/p>\n","protected":false},"featured_media":18122,"template":"","meta":[],"_links":{"self":[{"href":"https:\/\/www.tuncaykurtmakina.com\/index.php\/wp-json\/wp\/v2\/product\/18121"}],"collection":[{"href":"https:\/\/www.tuncaykurtmakina.com\/index.php\/wp-json\/wp\/v2\/product"}],"about":[{"href":"https:\/\/www.tuncaykurtmakina.com\/index.php\/wp-json\/wp\/v2\/types\/product"}],"wp:featuredmedia":[{"embeddable":true,"href":"https:\/\/www.tuncaykurtmakina.com\/index.php\/wp-json\/wp\/v2\/media\/18122"}],"wp:attachment":[{"href":"https:\/\/www.tuncaykurtmakina.com\/index.php\/wp-json\/wp\/v2\/media?parent=18121"}],"curies":[{"name":"wp","href":"https:\/\/api.w.org\/{rel}","templated":true}]}}