{"id":18108,"date":"2020-09-10T11:18:13","date_gmt":"2020-09-10T08:18:13","guid":{"rendered":"https:\/\/alfadestek.com\/tuncay\/?post_type=product&#038;p=18108"},"modified":"2020-09-10T11:18:14","modified_gmt":"2020-09-10T08:18:14","slug":"cizicili-yatar-daire-2800","status":"publish","type":"product","link":"https:\/\/www.tuncaykurtmakina.com\/index.php\/urun\/cizicili-yatar-daire-2800\/","title":{"rendered":"Cizicili-Yatar-Daire-2800"},"content":{"rendered":"","protected":false},"excerpt":{"rendered":"<p>\u00dcr\u00fcn \u00d6zellikleri:<\/p>\n<p>TEKN\u0130K \u00d6ZELL\u0130KLER<br \/>\nSabit Tabla 900 mm x 740 mm<br \/>\nAl\u00fcminyum Gezer Tabla 360 mm x 2800 mm<br \/>\nMotor G\u00fcc\u00fc 4 kw 5.5 hp<br \/>\nTestere Devri 3000 x 6000 dk\/dv<br \/>\nTestere \u00c7ap\u0131 max.:30 x 400<br \/>\nmin.:30 x 200<br \/>\n\u00c7izici Motor G\u00fcc\u00fc 0.55 kw \u2013 0.75 hp<br \/>\n\u00c7izici Devri 8000 dk\/dv<br \/>\n\u00c7izici Testere \u00c7ap\u0131 20 x 125 mm<br \/>\nSabit Tabla \u0130\u015f Kesme Kapasitesi 1200 mm<br \/>\nGezer Tabla \u0130\u015f Kesme Kapasitesi 3800 mm<br \/>\nKesim A\u00e7\u0131s\u0131 45\u00b0 \u2013 90\u00b0<br \/>\n\u0130\u015f Kesme Y\u00fcksekli\u011fi 90\u00b0 \u2013 1300 mm<br \/>\n45\u00ba \u2013 650 mm<br \/>\nTa\u015f\u0131y\u0131c\u0131 Araba 600 mm x 1250 mm<br \/>\nEBATLAR<br \/>\nY\u00fckseklik 1000 mm<br \/>\nEn 2000 mm<br \/>\nGeni\u015flik 3100 mm<br \/>\nA\u011f\u0131rl\u0131k (Takriben) 690 kg<\/p>\n<p>TECHNICAL SPECIFICATIONS<br \/>\nTable Size 900 mm x 740 mm<br \/>\nAliminium Sliding Table 360 mm x2800 mm<br \/>\nMotor Power 4 kw 5.5 hp<br \/>\nSpindle Speed 3000 x 6000 (rpm.)<br \/>\nSaw Blade max.:30 x 400<br \/>\nmin.:30 x 200<br \/>\nScoring Unit , Engine Power 0.55 kw \u2013 0.75 hp<br \/>\nScoring Spindle Speed 8000 (rpm.)<br \/>\nScoring Saw Blade 20 x 125 mm<br \/>\nWidth Of Cut Between Saw Blade And Fence 1200 mm<br \/>\nWorking Lenght With Slinding Table 3800 mm<br \/>\nTilting Saw Blade 45\u00b0 \u2013 90\u00b0<br \/>\nCircle Saw Capacity 90\u00b0 \u2013 1300 mm<br \/>\n45\u00b0 \u2013 650 mm<br \/>\nCarriage 600 mm x 1250 mm<br \/>\nDIMENSIONS<br \/>\nHeight 1000 mm<br \/>\nLenght 2000 mm<br \/>\nWindth 3100 mm<br \/>\nWeight ( Average ) 690 kgs<\/p>\n","protected":false},"featured_media":18109,"template":"","meta":[],"_links":{"self":[{"href":"https:\/\/www.tuncaykurtmakina.com\/index.php\/wp-json\/wp\/v2\/product\/18108"}],"collection":[{"href":"https:\/\/www.tuncaykurtmakina.com\/index.php\/wp-json\/wp\/v2\/product"}],"about":[{"href":"https:\/\/www.tuncaykurtmakina.com\/index.php\/wp-json\/wp\/v2\/types\/product"}],"wp:featuredmedia":[{"embeddable":true,"href":"https:\/\/www.tuncaykurtmakina.com\/index.php\/wp-json\/wp\/v2\/media\/18109"}],"wp:attachment":[{"href":"https:\/\/www.tuncaykurtmakina.com\/index.php\/wp-json\/wp\/v2\/media?parent=18108"}],"curies":[{"name":"wp","href":"https:\/\/api.w.org\/{rel}","templated":true}]}}