{"id":18102,"date":"2020-09-10T11:15:58","date_gmt":"2020-09-10T08:15:58","guid":{"rendered":"https:\/\/alfadestek.com\/tuncay\/?post_type=product&#038;p=18102"},"modified":"2020-09-10T11:15:58","modified_gmt":"2020-09-10T08:15:58","slug":"3800-ozel-seri","status":"publish","type":"product","link":"https:\/\/www.tuncaykurtmakina.com\/index.php\/urun\/3800-ozel-seri\/","title":{"rendered":"3800 \u00d6ZEL SER\u0130"},"content":{"rendered":"","protected":false},"excerpt":{"rendered":"<p>3800 \u00d6ZEL SER\u0130 TEKN\u0130K \u00d6ZELL\u0130KLER\u0130<\/p>\n<p>Testere Yukar\u0131\/A\u015fa\u011f\u0131 45\/90 Otomatik<br \/>\n45 A\u00e7\u0131 G\u00f6stergesi Dijital Hassas G\u00f6sterge<br \/>\nTestere D\u0131\u015f ve \u0130\u00e7 \u00c7ap (min \u2013 max.) 300 x 30 ( 350 mm testere tak\u0131labilir<br \/>\nMax. Kesme Derinli\u011fi (90\u00ba) 70 mm<br \/>\nMax. Kesme Derinli\u011fi (45\u00ba) 45 mm<br \/>\nTestere Devri 5500 4000 d\/dk Kasnaktan<br \/>\nMotor G\u00fcc\u00fc 5.5 hp<br \/>\nTabla \u00d6l\u00e7\u00fcs\u00fc 970\u00d7690<br \/>\nTabla Arka \u0130lave \u00d6l\u00e7\u00fcs\u00fc 980\u00d7700<br \/>\nTabla \u00dczeri Siper \u00d6l\u00e7\u00fcs\u00fc 1200 mm<br \/>\nGezer K\u0131zak \u00d6l\u00e7\u00fcs\u00fc 3800mm<br \/>\nGezer K\u0131zak Hareketli 3800mm<br \/>\nGezer K\u0131zak Siper A\u00e7\u0131s\u0131 Sa\u011f-Sol 0-45\u00ba<br \/>\nAraba \u00dcst\u00fc Siper \u00d6l\u00e7\u00fcs\u00fc 1950 mm<br \/>\nAraba \u00dcst\u00fc Siper A\u00e7\u0131s\u0131 Sa\u011f-Sol \u00d8-45\u00ba<br \/>\nAraba \u00dcst\u00fc Siper \u00d6l\u00e7\u00fc Dayama 0- 3000 mm<br \/>\nProfil Araba 660mm1300mm<br \/>\nK\u0131zak Alem\u00fcnyum \u0130thal<br \/>\n\u00c7izici Testere D\u0131\u015f ve \u0130\u00e7 \u00c7ap\u0131 \u00d8 125 x 20 mm<br \/>\n\u00c7izici Testere Devri 7500 d\/dk<br \/>\n\u00c7izici Testere Motor G\u00fcc\u00fc 1.2kw<\/p>\n","protected":false},"featured_media":18103,"template":"","meta":[],"_links":{"self":[{"href":"https:\/\/www.tuncaykurtmakina.com\/index.php\/wp-json\/wp\/v2\/product\/18102"}],"collection":[{"href":"https:\/\/www.tuncaykurtmakina.com\/index.php\/wp-json\/wp\/v2\/product"}],"about":[{"href":"https:\/\/www.tuncaykurtmakina.com\/index.php\/wp-json\/wp\/v2\/types\/product"}],"wp:featuredmedia":[{"embeddable":true,"href":"https:\/\/www.tuncaykurtmakina.com\/index.php\/wp-json\/wp\/v2\/media\/18103"}],"wp:attachment":[{"href":"https:\/\/www.tuncaykurtmakina.com\/index.php\/wp-json\/wp\/v2\/media?parent=18102"}],"curies":[{"name":"wp","href":"https:\/\/api.w.org\/{rel}","templated":true}]}}