{"id":18099,"date":"2020-09-10T11:14:56","date_gmt":"2020-09-10T08:14:56","guid":{"rendered":"https:\/\/alfadestek.com\/tuncay\/?post_type=product&#038;p=18099"},"modified":"2020-09-10T11:14:56","modified_gmt":"2020-09-10T08:14:56","slug":"y-d-t-u-300","status":"publish","type":"product","link":"https:\/\/www.tuncaykurtmakina.com\/index.php\/urun\/y-d-t-u-300\/","title":{"rendered":"Y.D.T U 300"},"content":{"rendered":"","protected":false},"excerpt":{"rendered":"<p>Standart Daire Testere \u00c7ap\u0131 300mm<br \/>\nTestere Mil \u00c7ap\u0131 30mm<br \/>\nMax. kesme Derinli\u011fi 95mm<br \/>\nMax. Kesme Derinli\u011fi(45o de) 65mm<br \/>\nTestere mil h\u0131z\u0131 3000\/6000 d\/d<br \/>\nMotor g\u00fcc\u00fc 5.5 hp<br \/>\nDaire Testere Yatma A\u00e7\u0131s\u0131 0-45o<br \/>\nTabla \u00d6l\u00e7\u00fcs\u00fc 780\u00d7890<br \/>\nEnine Max. Kesme Geni\u015fli\u011fi 1650 mm<br \/>\nGezer Tablan\u0131n \u00d6l\u00e7\u00fcs\u00fc 490x660mm<br \/>\nMax. Gezer Tabla Hareketi 1300mm<br \/>\nSiper \u00d6l\u00e7\u00fcs\u00fc 790x890mm<br \/>\nNet A\u011f\u0131rl\u0131k 430 kg(yakla\u015f\u0131k)<br \/>\nBr\u00fct A\u011f\u0131rl\u0131k 610 kg(yakla\u015f\u0131k)<br \/>\nD\u0131\u015f \u00d6l\u00e7\u00fcler Ambalaj\u0131 1080*2150*1050 mm<\/p>\n","protected":false},"featured_media":18100,"template":"","meta":[],"_links":{"self":[{"href":"https:\/\/www.tuncaykurtmakina.com\/index.php\/wp-json\/wp\/v2\/product\/18099"}],"collection":[{"href":"https:\/\/www.tuncaykurtmakina.com\/index.php\/wp-json\/wp\/v2\/product"}],"about":[{"href":"https:\/\/www.tuncaykurtmakina.com\/index.php\/wp-json\/wp\/v2\/types\/product"}],"wp:featuredmedia":[{"embeddable":true,"href":"https:\/\/www.tuncaykurtmakina.com\/index.php\/wp-json\/wp\/v2\/media\/18100"}],"wp:attachment":[{"href":"https:\/\/www.tuncaykurtmakina.com\/index.php\/wp-json\/wp\/v2\/media?parent=18099"}],"curies":[{"name":"wp","href":"https:\/\/api.w.org\/{rel}","templated":true}]}}