{"id":18097,"date":"2020-09-10T11:13:35","date_gmt":"2020-09-10T08:13:35","guid":{"rendered":"https:\/\/alfadestek.com\/tuncay\/?post_type=product&#038;p=18097"},"modified":"2020-09-10T11:13:35","modified_gmt":"2020-09-10T08:13:35","slug":"bravo-3800-cizicili-yatar-daire-makinesi","status":"publish","type":"product","link":"https:\/\/www.tuncaykurtmakina.com\/index.php\/urun\/bravo-3800-cizicili-yatar-daire-makinesi\/","title":{"rendered":"BRAVO 3800 \u00c7\u0130Z\u0130C\u0130L\u0130 YATAR DA\u0130RE MAK\u0130NES\u0130"},"content":{"rendered":"","protected":false},"excerpt":{"rendered":"<p>Hassas i\u015flenmi\u015f \u00e7elik g\u00f6vde<br \/>\nHassas ve dayan\u0131kl\u0131 al\u00fcminyum araba sistemi<br \/>\nKolay Ayarlanabilir \u00c7izici Testere<br \/>\nDarbelere kar\u015f\u0131 y\u00fcksek mukavemetli f\u0131r\u0131n boya sistemi<br \/>\nOpsiyonel \u00d6zellikler:<br \/>\n45 &#8211; 90 testere a\u00e7\u0131sal hareketi &#8211; Otomatik<br \/>\nYukar\u0131 &#8211; A\u015fa\u011f\u0131 testere hareketi &#8211; Otomatik<\/p>\n<p>TEKN\u0130K \u00d6ZELL\u0130KLER\u0130<br \/>\nAL\u00dcM\u0130NYUM KIZAK BOYU : 3800 mm<br \/>\nSTANDART DA\u0130RE TESTERE \u00c7API : 300 mm<br \/>\nDA\u0130RE TESTERE M\u0130L \u00c7API : 30 mm<br \/>\n90 DERECEDE MAX. KESME Y\u00dcKSEKL\u0130\u011e\u0130 : 78 mm<br \/>\n45 DERECEDE MAX. KESME Y\u00dcKSEKL\u0130\u011e\u0130 : 55 mm<br \/>\nMAX. KESME GEN\u0130\u015eL\u0130\u011e\u0130 : 1300 mm<br \/>\nMAX. AL\u00dcM\u0130NYUM TABLA HAREKET\u0130 : 3800 mm<br \/>\nTABLA \u00d6L\u00c7\u00dcS\u00dc : 950 x 600 mm<br \/>\nARKA \u0130LAVE TABLA \u00d6L\u00c7\u00dcS\u00dc : 950 x 750 mm<br \/>\nYAN \u0130LAVE TABLA \u00d6L\u00c7\u00dcS\u00dc : 800 x 500 mm<br \/>\nPROF\u0130L ARABA \u00d6L\u00c7\u00dcS\u00dc : 1530 x 650 mm<br \/>\nDA\u0130RE TESTERE YATMA A\u00c7ISI : 0\u00b0-45\u00b0<br \/>\nTOZ EMME BA\u011eLANTISI : 120 mm<br \/>\nMOTOR G\u00dcC\u00dc :\u00a0 5,5 hp (4 kW)<br \/>\nDA\u0130RE TESTERE HIZI\u00a0 : 3700-5100 rpm<br \/>\nNET A\u011eIRLIK : 720 kg<br \/>\n\u00c7\u0130Z\u0130C\u0130 :<br \/>\nDA\u0130RE TESTERE HIZI : 7250 rpm<br \/>\nDA\u0130RE TESTERE M\u0130L \u00c7API : 20 mm<br \/>\nDA\u0130RE TESTERE \u00c7API : 125 mm<br \/>\nMOTOR G\u00dcC\u00dc : 1 hp (0,75) kW<br \/>\nKESME UZUNLU\u011eU : 3800 mm<\/p>\n","protected":false},"featured_media":18098,"template":"","meta":[],"_links":{"self":[{"href":"https:\/\/www.tuncaykurtmakina.com\/index.php\/wp-json\/wp\/v2\/product\/18097"}],"collection":[{"href":"https:\/\/www.tuncaykurtmakina.com\/index.php\/wp-json\/wp\/v2\/product"}],"about":[{"href":"https:\/\/www.tuncaykurtmakina.com\/index.php\/wp-json\/wp\/v2\/types\/product"}],"wp:featuredmedia":[{"embeddable":true,"href":"https:\/\/www.tuncaykurtmakina.com\/index.php\/wp-json\/wp\/v2\/media\/18098"}],"wp:attachment":[{"href":"https:\/\/www.tuncaykurtmakina.com\/index.php\/wp-json\/wp\/v2\/media?parent=18097"}],"curies":[{"name":"wp","href":"https:\/\/api.w.org\/{rel}","templated":true}]}}