{"id":18092,"date":"2020-09-10T11:09:13","date_gmt":"2020-09-10T08:09:13","guid":{"rendered":"https:\/\/alfadestek.com\/tuncay\/?post_type=product&#038;p=18092"},"modified":"2020-09-10T11:09:14","modified_gmt":"2020-09-10T08:09:14","slug":"uludag-tas-mentese-yeri-acma-makinesi","status":"publish","type":"product","link":"https:\/\/www.tuncaykurtmakina.com\/index.php\/urun\/uludag-tas-mentese-yeri-acma-makinesi\/","title":{"rendered":"Uluda\u011f Tas Mente\u015fe Yeri A\u00e7ma Makinesi"},"content":{"rendered":"","protected":false},"excerpt":{"rendered":"<p>Mente\u015fe Yeri A\u00e7ma Makinas\u0131Tas Mente\u015fe Yeri A\u00e7ma Makinas\u0131<br \/>\nA\u011fa\u00e7, ah\u015fap profillere ve dolap kapaklar\u0131na tas mente\u015fe yuva yeri a\u00e7ma amac\u0131yla tasarlanm\u0131\u015f ve imal edilmi\u015ftir.<\/p>\n<p>Delici u\u00e7larla, ah\u015fap malzemelere tas mente\u015fe yuvas\u0131 a\u00e7ma i\u015flemini yapar.<\/p>\n<p>Makina portatif bir makinad\u0131r. D\u0131\u015far\u0131da yap\u0131lacak i\u015flemler i\u00e7in rahat\u00e7a ta\u015f\u0131nabilir.<\/p>\n<p>Referans delikleri i\u00e7in 2 adet matkap u\u00e7 ve tas mente\u015fe yuvas\u0131 a\u00e7mak i\u00e7in 1 adet delici b\u0131\u00e7a\u011fa sahiptir.<\/p>\n<p>\u00d6zellikler<br \/>\nMente\u015fe yuvas\u0131 ve vida deliklerini ayn\u0131 anda delebilme<br \/>\nOtomatik a\u00e7ma-kapama<br \/>\nAyarlanabilir siper yard\u0131m\u0131 ile kolay uygulama<br \/>\nMin.-Mak. de\u011ferlerde delik a\u00e7ma kabiliyeti (2-9mm)<br \/>\nKolay ta\u015f\u0131nabilme<br \/>\nStandart Ekipmanlar<br \/>\nFreze b\u0131\u00e7a\u011f\u0131<br \/>\n2 adet matkap ucu<br \/>\n2 adet malzeme dayama aparat\u0131<br \/>\nAlyan anahtar<br \/>\nOpsiyonel Ekipmanlar<br \/>\nEkstra freze b\u0131\u00e7a\u011f\u0131<br \/>\nMatkap ucu<br \/>\nTEKN\u0130K \u00d6ZELL\u0130K Gerilim 230 V Siper Hareketi 2-9<br \/>\nG\u00fc\u00e7 0.75 kw \/ 1 Hp Strok 63 mm<br \/>\nFrekans 50-60 Hz A\u011f\u0131rl\u0131k, Net \/ Br\u00fct 18 \/ 20 kg<br \/>\nDevir 2850 rpm Makine Ebatlar\u0131 510*500* 410 mm<br \/>\nD1\/D2 35 mm \/ 6&#215;2 mm Karton Kutu \u00d6l\u00e7\u00fcleri 52(I)*51(w)*41(h) cm<\/p>\n","protected":false},"featured_media":18093,"template":"","meta":[],"_links":{"self":[{"href":"https:\/\/www.tuncaykurtmakina.com\/index.php\/wp-json\/wp\/v2\/product\/18092"}],"collection":[{"href":"https:\/\/www.tuncaykurtmakina.com\/index.php\/wp-json\/wp\/v2\/product"}],"about":[{"href":"https:\/\/www.tuncaykurtmakina.com\/index.php\/wp-json\/wp\/v2\/types\/product"}],"wp:featuredmedia":[{"embeddable":true,"href":"https:\/\/www.tuncaykurtmakina.com\/index.php\/wp-json\/wp\/v2\/media\/18093"}],"wp:attachment":[{"href":"https:\/\/www.tuncaykurtmakina.com\/index.php\/wp-json\/wp\/v2\/media?parent=18092"}],"curies":[{"name":"wp","href":"https:\/\/api.w.org\/{rel}","templated":true}]}}