{"id":18088,"date":"2020-09-10T11:06:45","date_gmt":"2020-09-10T08:06:45","guid":{"rendered":"https:\/\/alfadestek.com\/tuncay\/?post_type=product&#038;p=18088"},"modified":"2020-09-10T11:06:45","modified_gmt":"2020-09-10T08:06:45","slug":"parke-kesme-castor-atech","status":"publish","type":"product","link":"https:\/\/www.tuncaykurtmakina.com\/index.php\/urun\/parke-kesme-castor-atech\/","title":{"rendered":"Parke Kesme Castor Atech"},"content":{"rendered":"","protected":false},"excerpt":{"rendered":"<p>Portatif, pratik ve hafiftir<br \/>\nParke, sunta ve sert a\u011fa\u00e7 t\u00fcrevi malzemelerin kesimi i\u00e7in uygundur.<br \/>\n1. ad \u00d8 235 mm testere<br \/>\nMotor G\u00fcc\u00fc : 0,55 kW, 230V, 50\/60Hz<br \/>\nTestere Ebatlar\u0131 : D=235 mm,d=30 mm<br \/>\nTestere H\u0131z\u0131 : 3000 r.p.m.<br \/>\nEbatlar : 37x37x34 cm<br \/>\nA\u011f\u0131rl\u0131k : 18 kg<br \/>\n\u00d8 235 mm testere<\/p>\n","protected":false},"featured_media":18090,"template":"","meta":[],"_links":{"self":[{"href":"https:\/\/www.tuncaykurtmakina.com\/index.php\/wp-json\/wp\/v2\/product\/18088"}],"collection":[{"href":"https:\/\/www.tuncaykurtmakina.com\/index.php\/wp-json\/wp\/v2\/product"}],"about":[{"href":"https:\/\/www.tuncaykurtmakina.com\/index.php\/wp-json\/wp\/v2\/types\/product"}],"wp:featuredmedia":[{"embeddable":true,"href":"https:\/\/www.tuncaykurtmakina.com\/index.php\/wp-json\/wp\/v2\/media\/18090"}],"wp:attachment":[{"href":"https:\/\/www.tuncaykurtmakina.com\/index.php\/wp-json\/wp\/v2\/media?parent=18088"}],"curies":[{"name":"wp","href":"https:\/\/api.w.org\/{rel}","templated":true}]}}