{"id":18085,"date":"2020-09-10T11:03:24","date_gmt":"2020-09-10T08:03:24","guid":{"rendered":"https:\/\/alfadestek.com\/tuncay\/?post_type=product&#038;p=18085"},"modified":"2020-09-10T11:03:24","modified_gmt":"2020-09-10T08:03:24","slug":"atech-luna-2-ahsap-tas-mentese-yeri-acma-makinesi","status":"publish","type":"product","link":"https:\/\/www.tuncaykurtmakina.com\/index.php\/urun\/atech-luna-2-ahsap-tas-mentese-yeri-acma-makinesi\/","title":{"rendered":"Atech Luna 2 &#8211; Ah\u015fap Tas Mente\u015fe Yeri A\u00e7ma Makinesi"},"content":{"rendered":"","protected":false},"excerpt":{"rendered":"<p>Atech Luna &#8211; 2 Ah\u015fap Tas Mente\u015fe Yeri A\u00e7ma Makinesi Otomatik<\/p>\n<p>\u00d6zellikler<br \/>\n\u2022 Ah\u015fap malzmelerde kullan\u0131l\u0131r<br \/>\n\u2022 Frezeleme i\u015flemi esnas\u0131nda vidalama i\u00e7in referans deliklerii a\u00e7ar<br \/>\n\u2022 Pratik, manuel ve ergonomiktir<br \/>\n\u2022 i\u015f par\u00e7as\u0131 tala\u015f\u0131n\u0131 hava p\u00fcsk\u00fcrterek temizler<br \/>\nStandart Ekipmanlar<br \/>\n\u2022 1 ad. \u00d835 mente\u015fe yeri a\u00e7ma freze b\u0131\u00e7a\u011f\u0131<br \/>\n\u2022 2 ad. 2mm matkap ucu (sol d\u00f6n\u00fc\u015fl\u00fc)<br \/>\n\u2022 2 ad. mekanik ve pratik malzeme dayama aparat\u0131 \u2022 2 ad. pn\u00f6matik mengene<br \/>\n\u2022 220V Monofaze motor<\/p>\n","protected":false},"featured_media":18087,"template":"","meta":[],"_links":{"self":[{"href":"https:\/\/www.tuncaykurtmakina.com\/index.php\/wp-json\/wp\/v2\/product\/18085"}],"collection":[{"href":"https:\/\/www.tuncaykurtmakina.com\/index.php\/wp-json\/wp\/v2\/product"}],"about":[{"href":"https:\/\/www.tuncaykurtmakina.com\/index.php\/wp-json\/wp\/v2\/types\/product"}],"wp:featuredmedia":[{"embeddable":true,"href":"https:\/\/www.tuncaykurtmakina.com\/index.php\/wp-json\/wp\/v2\/media\/18087"}],"wp:attachment":[{"href":"https:\/\/www.tuncaykurtmakina.com\/index.php\/wp-json\/wp\/v2\/media?parent=18085"}],"curies":[{"name":"wp","href":"https:\/\/api.w.org\/{rel}","templated":true}]}}