{"id":17978,"date":"2020-09-10T10:31:39","date_gmt":"2020-09-10T07:31:39","guid":{"rendered":"https:\/\/alfadestek.com\/tuncay\/?post_type=product&#038;p=17978"},"modified":"2020-09-10T10:31:40","modified_gmt":"2020-09-10T07:31:40","slug":"atech-luna-1-ahsap-tas-mentese-yeri-acma-makinesi","status":"publish","type":"product","link":"https:\/\/www.tuncaykurtmakina.com\/index.php\/urun\/atech-luna-1-ahsap-tas-mentese-yeri-acma-makinesi\/","title":{"rendered":"Atech Luna 1 &#8211; Ah\u015fap Tas Mente\u015fe Yeri A\u00e7ma Makinesi"},"content":{"rendered":"","protected":false},"excerpt":{"rendered":"<p>2 adet pratik malzeme dayama aparat\u0131<br \/>\nPratik olarak ayarlanabilen derinlik mesafesi<br \/>\nAyarlanabilir ve eklenebilir g\u00f6nye profil sistemi<br \/>\nFrezeleme i\u015flemi esnas\u0131nda vidalama i\u00e7in referans delikleri a\u00e7ar<\/p>\n<p>Motor G\u00fcc\u00fc : 0,55 kW 230V, 50Hz<br \/>\nBar: \u2013<br \/>\nEbatlar : 55x50x55<br \/>\nA\u011f\u0131rl\u0131k : 33<\/p>\n","protected":false},"featured_media":17981,"template":"","meta":[],"_links":{"self":[{"href":"https:\/\/www.tuncaykurtmakina.com\/index.php\/wp-json\/wp\/v2\/product\/17978"}],"collection":[{"href":"https:\/\/www.tuncaykurtmakina.com\/index.php\/wp-json\/wp\/v2\/product"}],"about":[{"href":"https:\/\/www.tuncaykurtmakina.com\/index.php\/wp-json\/wp\/v2\/types\/product"}],"wp:featuredmedia":[{"embeddable":true,"href":"https:\/\/www.tuncaykurtmakina.com\/index.php\/wp-json\/wp\/v2\/media\/17981"}],"wp:attachment":[{"href":"https:\/\/www.tuncaykurtmakina.com\/index.php\/wp-json\/wp\/v2\/media?parent=17978"}],"curies":[{"name":"wp","href":"https:\/\/api.w.org\/{rel}","templated":true}]}}