{"id":17928,"date":"2020-09-10T10:03:22","date_gmt":"2020-09-10T07:03:22","guid":{"rendered":"https:\/\/alfadestek.com\/tuncay\/?post_type=product&#038;p=17928"},"modified":"2020-09-10T10:03:23","modified_gmt":"2020-09-10T07:03:23","slug":"atech-havali-skat","status":"publish","type":"product","link":"https:\/\/www.tuncaykurtmakina.com\/index.php\/urun\/atech-havali-skat\/","title":{"rendered":"ATECH HAVALI SKAT"},"content":{"rendered":"","protected":false},"excerpt":{"rendered":"<p>Gazl\u0131 amortis\u00f6rl\u00fc sistem<br \/>\nArka darbeleri emici stoplama sistemi<br \/>\nStandart derecelerde ve her t\u00fcrl\u00fc ara derecelerde kesim yapabilir<br \/>\nKolay kavranabilen ergonomik sap<br \/>\nG\u00f6nye sisteminin bozulmas\u0131n\u0131 engelleyen \u00f6zel \u00e7atal+g\u00f6bek sistemi<br \/>\nTermik korumal\u0131 \u015falter<br \/>\nPratik mengeneler. \u0130stenilen y\u00f6ne yat\u0131r\u0131labilir, tek hareketle s\u0131kabilirsiniz<br \/>\nMotor G\u00fcc\u00fc: 2.2 kW,3HP, 230V-400V<br \/>\nTestere Ebatlar\u0131: D=400 mm,d=30-32 mm<br \/>\nTestere H\u0131z\u0131: 3000 r.p.m.<br \/>\nEbatlar: 66x65x142<br \/>\nA\u011f\u0131rl\u0131k: 115<\/p>\n<p>2 set mekanik mengene<br \/>\nTestere<br \/>\nMonofaze motor<br \/>\nKonvey\u00f6r<br \/>\nMekanik yayl\u0131 sistem<\/p>\n<p>&nbsp;<\/p>\n","protected":false},"featured_media":17929,"template":"","meta":[],"_links":{"self":[{"href":"https:\/\/www.tuncaykurtmakina.com\/index.php\/wp-json\/wp\/v2\/product\/17928"}],"collection":[{"href":"https:\/\/www.tuncaykurtmakina.com\/index.php\/wp-json\/wp\/v2\/product"}],"about":[{"href":"https:\/\/www.tuncaykurtmakina.com\/index.php\/wp-json\/wp\/v2\/types\/product"}],"wp:featuredmedia":[{"embeddable":true,"href":"https:\/\/www.tuncaykurtmakina.com\/index.php\/wp-json\/wp\/v2\/media\/17929"}],"wp:attachment":[{"href":"https:\/\/www.tuncaykurtmakina.com\/index.php\/wp-json\/wp\/v2\/media?parent=17928"}],"curies":[{"name":"wp","href":"https:\/\/api.w.org\/{rel}","templated":true}]}}