{"id":17956,"date":"2020-09-10T10:13:18","date_gmt":"2020-09-10T07:13:18","guid":{"rendered":"https:\/\/alfadestek.com\/tuncay\/?page_id=17956"},"modified":"2020-09-10T10:28:45","modified_gmt":"2020-09-10T07:28:45","slug":"mentese-yeri-acma-makinasi","status":"publish","type":"page","link":"https:\/\/www.tuncaykurtmakina.com\/index.php\/sifir-makinalar\/mentese-yeri-acma-makinasi\/","title":{"rendered":"Mente\u015fe Yeri A\u00e7ma Makinas\u0131"},"content":{"rendered":"[vc_row][vc_column]<div class=\"et-woo-products product-layout small grid\"><ul class=\"loop-posts loop-product et-item-set overlay-none effect-none et-clearfix lazy lazy-load\" data-columns=\"4\" data-autoplay=\"false\"><li class=\"et-item post post-17928 product type-product status-publish has-post-thumbnail hentry product_cat-mentese-yeri-acma-makinasi\" id=\"product-17928\">\r\n                    \r\n                    <div class=\"post-inner et-item-inner et-clearfix\">\r\n\r\n                        <div class=\"post-inner-wrapper\">\r\n\r\n                                                            <div class=\"ajax-add-to-cart-loading\"><div class=\"circle-loader\"><div class=\"checkmark draw\"><\/div><\/div><\/div>\r\n                            \r\n                            \r\n                \r\n                                                \r\n                        <div class=\"post-image post-media overlay-hover\">\r\n\r\n                            \r\n                                                        \r\n                            \r\n                                                            <a href=\"https:\/\/www.tuncaykurtmakina.com\/index.php\/urun\/atech-havali-skat\/\" >\r\n                                    <div class=\"product-image-gallery\">\r\n                                        <div class=\"image-container visible\">\r\n                                            <div class=\"image-loading\"><\/div>\r\n                                            <div class=\"image-preloader\"><\/div>\r\n                                                                                            <img width=\"300\" height=\"300\" src=\"https:\/\/www.tuncaykurtmakina.com\/wp-content\/uploads\/2020\/09\/2d17716d-7fe7-4df0-89bf-3752ef581449-300x300.jpg\" class=\"attachment-shop_catalog size-shop_catalog\" alt=\"ATECH HAVALI SKAT\" loading=\"lazy\" data-responsive-images=\"false\" \/>                                                                                    <\/div>\r\n                                                                                                                                                                            <img width=\"300\" height=\"300\" src=\"https:\/\/www.tuncaykurtmakina.com\/wp-content\/uploads\/2020\/09\/2dc0fa3c-6420-4efe-84cf-d89264590599-300x300.jpg\" class=\"attachment-shop_catalog size-shop_catalog\" alt=\"ATECH HAVALI SKAT\" loading=\"lazy\" data-responsive-images=\"false\" \/>                                                                                            <img width=\"300\" height=\"300\" src=\"https:\/\/www.tuncaykurtmakina.com\/wp-content\/uploads\/2020\/09\/3f67b7e6-b89d-4b08-9f71-d78a7b798a08-300x300.jpg\" class=\"attachment-shop_catalog size-shop_catalog\" alt=\"ATECH HAVALI SKAT\" loading=\"lazy\" data-responsive-images=\"false\" \/>                                                                                            <img width=\"300\" height=\"300\" src=\"https:\/\/www.tuncaykurtmakina.com\/wp-content\/uploads\/2020\/09\/8c7d2688-104b-41b9-b417-6bcd38a902f6-300x300.jpg\" class=\"attachment-shop_catalog size-shop_catalog\" alt=\"ATECH HAVALI SKAT\" loading=\"lazy\" data-responsive-images=\"false\" \/>                                                                                            <img width=\"300\" height=\"300\" src=\"https:\/\/www.tuncaykurtmakina.com\/wp-content\/uploads\/2020\/09\/30e884a0-3256-413b-bddb-a00f396daf7d-300x300.jpg\" class=\"attachment-shop_catalog size-shop_catalog\" alt=\"ATECH HAVALI SKAT\" loading=\"lazy\" data-responsive-images=\"false\" \/>                                                                                            <img width=\"300\" height=\"300\" src=\"https:\/\/www.tuncaykurtmakina.com\/wp-content\/uploads\/2020\/09\/68a0184d-8580-4561-875a-c9f2911c6192-300x300.jpg\" class=\"attachment-shop_catalog size-shop_catalog\" alt=\"ATECH HAVALI SKAT\" loading=\"lazy\" data-responsive-images=\"false\" \/>                                                                                            <img width=\"300\" height=\"300\" src=\"https:\/\/www.tuncaykurtmakina.com\/wp-content\/uploads\/2020\/09\/9774d678-0c1c-4c67-a6ca-45d82137307d-300x300.jpg\" class=\"attachment-shop_catalog size-shop_catalog\" alt=\"ATECH HAVALI SKAT\" loading=\"lazy\" data-responsive-images=\"false\" \/>                                                                                                                        <\/div>\r\n                                <\/a>\r\n                            \r\n                        <\/div>\r\n\r\n                                            <div class=\"post-body et-clearfix\">\r\n                            <div class=\"post-body-inner-wrap\">\r\n                                <div class=\"post-body-inner\">\r\n                                    <h4 class=\"post-title et-clearfix\">\r\n                                        <a href=\"https:\/\/www.tuncaykurtmakina.com\/index.php\/urun\/atech-havali-skat\/\" title=\"Read more avbout ATECH HAVALI SKAT\">ATECH HAVALI SKAT<\/a>\r\n                                    <\/h4>\r\n                    \r\n                                        \r\n                                    <\/div>\r\n                                <\/div>\r\n                            <\/div>\r\n\r\n                            \r\n                        <\/div>\r\n\r\n                    <\/div>\r\n                <\/li><li class=\"et-item post post-17978 product type-product status-publish has-post-thumbnail hentry product_cat-mentese-yeri-acma-makinasi\" id=\"product-17978\">\r\n                    \r\n                    <div class=\"post-inner et-item-inner et-clearfix\">\r\n\r\n                        <div class=\"post-inner-wrapper\">\r\n\r\n                                                            <div class=\"ajax-add-to-cart-loading\"><div class=\"circle-loader\"><div class=\"checkmark draw\"><\/div><\/div><\/div>\r\n                            \r\n                            \r\n                \r\n                                                \r\n                        <div class=\"post-image post-media overlay-hover\">\r\n\r\n                            \r\n                                                        \r\n                            \r\n                                                            <a href=\"https:\/\/www.tuncaykurtmakina.com\/index.php\/urun\/atech-luna-1-ahsap-tas-mentese-yeri-acma-makinesi\/\" >\r\n                                    <div class=\"product-image-gallery\">\r\n                                        <div class=\"image-container visible\">\r\n                                            <div class=\"image-loading\"><\/div>\r\n                                            <div class=\"image-preloader\"><\/div>\r\n                                                                                            <img width=\"300\" height=\"300\" src=\"https:\/\/www.tuncaykurtmakina.com\/wp-content\/uploads\/2020\/09\/luna-1-3_urunler_g448_1500x1125_AVkYUxmi-300x300.jpg\" class=\"attachment-shop_catalog size-shop_catalog\" alt=\"Atech Luna 1 &#8211; Ah\u015fap Tas Mente\u015fe Yeri A\u00e7ma Makinesi\" loading=\"lazy\" data-responsive-images=\"false\" \/>                                                                                    <\/div>\r\n                                                                                                                                                                            <img width=\"300\" height=\"300\" src=\"https:\/\/www.tuncaykurtmakina.com\/wp-content\/uploads\/2020\/09\/luna-1-1_urunler_g448_1500x1125_aWLhWUpO-300x300.jpg\" class=\"attachment-shop_catalog size-shop_catalog\" alt=\"Atech Luna 1 &#8211; Ah\u015fap Tas Mente\u015fe Yeri A\u00e7ma Makinesi\" loading=\"lazy\" data-responsive-images=\"false\" \/>                                                                                            <img width=\"300\" height=\"300\" src=\"https:\/\/www.tuncaykurtmakina.com\/wp-content\/uploads\/2020\/09\/luna-1-2_urunler_g448_1500x1125_aTccqUyT-300x300.jpg\" class=\"attachment-shop_catalog size-shop_catalog\" alt=\"Atech Luna 1 &#8211; Ah\u015fap Tas Mente\u015fe Yeri A\u00e7ma Makinesi\" loading=\"lazy\" data-responsive-images=\"false\" \/>                                                                                                                        <\/div>\r\n                                <\/a>\r\n                            \r\n                        <\/div>\r\n\r\n                                            <div class=\"post-body et-clearfix\">\r\n                            <div class=\"post-body-inner-wrap\">\r\n                                <div class=\"post-body-inner\">\r\n                                    <h4 class=\"post-title et-clearfix\">\r\n                                        <a href=\"https:\/\/www.tuncaykurtmakina.com\/index.php\/urun\/atech-luna-1-ahsap-tas-mentese-yeri-acma-makinesi\/\" title=\"Read more avbout Atech Luna 1 &#8211; Ah\u015fap Tas Mente\u015fe Yeri A\u00e7ma Makinesi\">Atech Luna 1 &#8211; Ah\u015fap Tas Mente\u015fe Yeri A\u00e7ma Makinesi<\/a>\r\n                                    <\/h4>\r\n                    \r\n                                        \r\n                                    <\/div>\r\n                                <\/div>\r\n                            <\/div>\r\n\r\n                            \r\n                        <\/div>\r\n\r\n                    <\/div>\r\n                <\/li><li class=\"et-item post post-18085 product type-product status-publish has-post-thumbnail hentry product_cat-mentese-yeri-acma-makinasi\" id=\"product-18085\">\r\n                    \r\n                    <div class=\"post-inner et-item-inner et-clearfix\">\r\n\r\n                        <div class=\"post-inner-wrapper\">\r\n\r\n                                                            <div class=\"ajax-add-to-cart-loading\"><div class=\"circle-loader\"><div class=\"checkmark draw\"><\/div><\/div><\/div>\r\n                            \r\n                            \r\n                \r\n                                                \r\n                        <div class=\"post-image post-media overlay-hover\">\r\n\r\n                            \r\n                                                        \r\n                            \r\n                                                            <a href=\"https:\/\/www.tuncaykurtmakina.com\/index.php\/urun\/atech-luna-2-ahsap-tas-mentese-yeri-acma-makinesi\/\" >\r\n                                    <div class=\"product-image-gallery\">\r\n                                        <div class=\"image-container visible\">\r\n                                            <div class=\"image-loading\"><\/div>\r\n                                            <div class=\"image-preloader\"><\/div>\r\n                                                                                            <img width=\"300\" height=\"300\" src=\"https:\/\/www.tuncaykurtmakina.com\/wp-content\/uploads\/2020\/09\/luna-2-2_urunler_g450_1500x1125_rqSMyboa-300x300.jpg\" class=\"attachment-shop_catalog size-shop_catalog\" alt=\"Atech Luna 2 &#8211; Ah\u015fap Tas Mente\u015fe Yeri A\u00e7ma Makinesi\" loading=\"lazy\" data-responsive-images=\"false\" \/>                                                                                    <\/div>\r\n                                                                                                                                                                            <img width=\"300\" height=\"300\" src=\"https:\/\/www.tuncaykurtmakina.com\/wp-content\/uploads\/2020\/09\/luna-2-1_urunler_g450_1500x1125_dhR1XkNZ-300x300.jpg\" class=\"attachment-shop_catalog size-shop_catalog\" alt=\"Atech Luna 2 &#8211; Ah\u015fap Tas Mente\u015fe Yeri A\u00e7ma Makinesi\" loading=\"lazy\" data-responsive-images=\"false\" \/>                                                                                                                        <\/div>\r\n                                <\/a>\r\n                            \r\n                        <\/div>\r\n\r\n                                            <div class=\"post-body et-clearfix\">\r\n                            <div class=\"post-body-inner-wrap\">\r\n                                <div class=\"post-body-inner\">\r\n                                    <h4 class=\"post-title et-clearfix\">\r\n                                        <a href=\"https:\/\/www.tuncaykurtmakina.com\/index.php\/urun\/atech-luna-2-ahsap-tas-mentese-yeri-acma-makinesi\/\" title=\"Read more avbout Atech Luna 2 &#8211; Ah\u015fap Tas Mente\u015fe Yeri A\u00e7ma Makinesi\">Atech Luna 2 &#8211; Ah\u015fap Tas Mente\u015fe Yeri A\u00e7ma Makinesi<\/a>\r\n                                    <\/h4>\r\n                    \r\n                                        \r\n                                    <\/div>\r\n                                <\/div>\r\n                            <\/div>\r\n\r\n                            \r\n                        <\/div>\r\n\r\n                    <\/div>\r\n                <\/li><li class=\"et-item post post-18088 product type-product status-publish has-post-thumbnail hentry product_cat-mentese-yeri-acma-makinasi\" id=\"product-18088\">\r\n                    \r\n                    <div class=\"post-inner et-item-inner et-clearfix\">\r\n\r\n                        <div class=\"post-inner-wrapper\">\r\n\r\n                                                            <div class=\"ajax-add-to-cart-loading\"><div class=\"circle-loader\"><div class=\"checkmark draw\"><\/div><\/div><\/div>\r\n                            \r\n                            \r\n                \r\n                                                \r\n                        <div class=\"post-image post-media overlay-hover\">\r\n\r\n                            \r\n                                                        \r\n                            \r\n                                                            <a href=\"https:\/\/www.tuncaykurtmakina.com\/index.php\/urun\/parke-kesme-castor-atech\/\" >\r\n                                    <div class=\"product-image-gallery\">\r\n                                        <div class=\"image-container visible\">\r\n                                            <div class=\"image-loading\"><\/div>\r\n                                            <div class=\"image-preloader\"><\/div>\r\n                                                                                            <img width=\"300\" height=\"300\" src=\"https:\/\/www.tuncaykurtmakina.com\/wp-content\/uploads\/2020\/09\/Castor_3-300x300.jpg\" class=\"attachment-shop_catalog size-shop_catalog\" alt=\"Parke Kesme Castor Atech\" loading=\"lazy\" data-responsive-images=\"false\" \/>                                                                                    <\/div>\r\n                                                                                                                                                                            <img width=\"300\" height=\"300\" src=\"https:\/\/www.tuncaykurtmakina.com\/wp-content\/uploads\/2020\/09\/Castor_2-300x300.jpg\" class=\"attachment-shop_catalog size-shop_catalog\" alt=\"Parke Kesme Castor Atech\" loading=\"lazy\" data-responsive-images=\"false\" \/>                                                                                            <img width=\"75\" height=\"50\" src=\"https:\/\/www.tuncaykurtmakina.com\/wp-content\/uploads\/2020\/09\/parke-kesme.jpg\" class=\"attachment-shop_catalog size-shop_catalog\" alt=\"Parke Kesme Castor Atech\" loading=\"lazy\" data-responsive-images=\"false\" \/>                                                                                                                        <\/div>\r\n                                <\/a>\r\n                            \r\n                        <\/div>\r\n\r\n                                            <div class=\"post-body et-clearfix\">\r\n                            <div class=\"post-body-inner-wrap\">\r\n                                <div class=\"post-body-inner\">\r\n                                    <h4 class=\"post-title et-clearfix\">\r\n                                        <a href=\"https:\/\/www.tuncaykurtmakina.com\/index.php\/urun\/parke-kesme-castor-atech\/\" title=\"Read more avbout Parke Kesme Castor Atech\">Parke Kesme Castor Atech<\/a>\r\n                                    <\/h4>\r\n                    \r\n                                        \r\n                                    <\/div>\r\n                                <\/div>\r\n                            <\/div>\r\n\r\n                            \r\n                        <\/div>\r\n\r\n                    <\/div>\r\n                <\/li><li class=\"et-item post post-18092 product type-product status-publish has-post-thumbnail hentry product_cat-mentese-yeri-acma-makinasi\" id=\"product-18092\">\r\n                    \r\n                    <div class=\"post-inner et-item-inner et-clearfix\">\r\n\r\n                        <div class=\"post-inner-wrapper\">\r\n\r\n                                                            <div class=\"ajax-add-to-cart-loading\"><div class=\"circle-loader\"><div class=\"checkmark draw\"><\/div><\/div><\/div>\r\n                            \r\n                            \r\n                \r\n                                                \r\n                        <div class=\"post-image post-media overlay-hover\">\r\n\r\n                            \r\n                                                        \r\n                            \r\n                                                            <a href=\"https:\/\/www.tuncaykurtmakina.com\/index.php\/urun\/uludag-tas-mentese-yeri-acma-makinesi\/\" >\r\n                                    <div class=\"product-image-gallery\">\r\n                                        <div class=\"image-container visible\">\r\n                                            <div class=\"image-loading\"><\/div>\r\n                                            <div class=\"image-preloader\"><\/div>\r\n                                                                                            <img width=\"300\" height=\"300\" src=\"https:\/\/www.tuncaykurtmakina.com\/wp-content\/uploads\/2020\/09\/Mentese_Yeri_Acma_Makinasi_0-300x300.jpg\" class=\"attachment-shop_catalog size-shop_catalog\" alt=\"Uluda\u011f Tas Mente\u015fe Yeri A\u00e7ma Makinesi\" loading=\"lazy\" data-responsive-images=\"false\" \/>                                                                                    <\/div>\r\n                                                                                                                                                                            <img width=\"300\" height=\"300\" src=\"https:\/\/www.tuncaykurtmakina.com\/wp-content\/uploads\/2020\/09\/Mentese_Yeri_Acma_Makinasi_0_1_2_3_4-300x300.jpg\" class=\"attachment-shop_catalog size-shop_catalog\" alt=\"Uluda\u011f Tas Mente\u015fe Yeri A\u00e7ma Makinesi\" loading=\"lazy\" data-responsive-images=\"false\" \/>                                                                                            <img width=\"300\" height=\"300\" src=\"https:\/\/www.tuncaykurtmakina.com\/wp-content\/uploads\/2020\/09\/Mentese_Yeri_Acma_Makinasi_0_1_2_3-300x300.jpg\" class=\"attachment-shop_catalog size-shop_catalog\" alt=\"Uluda\u011f Tas Mente\u015fe Yeri A\u00e7ma Makinesi\" loading=\"lazy\" data-responsive-images=\"false\" \/>                                                                                            <img width=\"300\" height=\"300\" src=\"https:\/\/www.tuncaykurtmakina.com\/wp-content\/uploads\/2020\/09\/Mentese_Yeri_Acma_Makinasi_0_1_2-300x300.jpg\" class=\"attachment-shop_catalog size-shop_catalog\" alt=\"Uluda\u011f Tas Mente\u015fe Yeri A\u00e7ma Makinesi\" loading=\"lazy\" data-responsive-images=\"false\" \/>                                                                                                                        <\/div>\r\n                                <\/a>\r\n                            \r\n                        <\/div>\r\n\r\n                                            <div class=\"post-body et-clearfix\">\r\n                            <div class=\"post-body-inner-wrap\">\r\n                                <div class=\"post-body-inner\">\r\n                                    <h4 class=\"post-title et-clearfix\">\r\n                                        <a href=\"https:\/\/www.tuncaykurtmakina.com\/index.php\/urun\/uludag-tas-mentese-yeri-acma-makinesi\/\" title=\"Read more avbout Uluda\u011f Tas Mente\u015fe Yeri A\u00e7ma Makinesi\">Uluda\u011f Tas Mente\u015fe Yeri A\u00e7ma Makinesi<\/a>\r\n                                    <\/h4>\r\n                    \r\n                                        \r\n                                    <\/div>\r\n                                <\/div>\r\n                            <\/div>\r\n\r\n                            \r\n                        <\/div>\r\n\r\n                    <\/div>\r\n                <\/li><\/ul><\/div>[\/vc_column][\/vc_row]\n","protected":false},"excerpt":{"rendered":"<p>[vc_row][vc_column][\/vc_column][\/vc_row]<\/p>\n","protected":false},"author":1,"featured_media":0,"parent":17905,"menu_order":0,"comment_status":"closed","ping_status":"closed","template":"","meta":[],"_links":{"self":[{"href":"https:\/\/www.tuncaykurtmakina.com\/index.php\/wp-json\/wp\/v2\/pages\/17956"}],"collection":[{"href":"https:\/\/www.tuncaykurtmakina.com\/index.php\/wp-json\/wp\/v2\/pages"}],"about":[{"href":"https:\/\/www.tuncaykurtmakina.com\/index.php\/wp-json\/wp\/v2\/types\/page"}],"author":[{"embeddable":true,"href":"https:\/\/www.tuncaykurtmakina.com\/index.php\/wp-json\/wp\/v2\/users\/1"}],"replies":[{"embeddable":true,"href":"https:\/\/www.tuncaykurtmakina.com\/index.php\/wp-json\/wp\/v2\/comments?post=17956"}],"version-history":[{"count":3,"href":"https:\/\/www.tuncaykurtmakina.com\/index.php\/wp-json\/wp\/v2\/pages\/17956\/revisions"}],"predecessor-version":[{"id":17977,"href":"https:\/\/www.tuncaykurtmakina.com\/index.php\/wp-json\/wp\/v2\/pages\/17956\/revisions\/17977"}],"up":[{"embeddable":true,"href":"https:\/\/www.tuncaykurtmakina.com\/index.php\/wp-json\/wp\/v2\/pages\/17905"}],"wp:attachment":[{"href":"https:\/\/www.tuncaykurtmakina.com\/index.php\/wp-json\/wp\/v2\/media?parent=17956"}],"curies":[{"name":"wp","href":"https:\/\/api.w.org\/{rel}","templated":true}]}}