{"id":17944,"date":"2020-09-10T10:11:21","date_gmt":"2020-09-10T07:11:21","guid":{"rendered":"https:\/\/alfadestek.com\/tuncay\/?page_id=17944"},"modified":"2020-09-10T11:34:12","modified_gmt":"2020-09-10T08:34:12","slug":"kapi-kol-kilit-makinalari","status":"publish","type":"page","link":"https:\/\/www.tuncaykurtmakina.com\/index.php\/sifir-makinalar\/kapi-kol-kilit-makinalari\/","title":{"rendered":"Kap\u0131 Kol Kilit Makinalar\u0131"},"content":{"rendered":"[vc_row][vc_column]<div class=\"et-woo-products product-layout small grid\"><ul class=\"loop-posts loop-product et-item-set overlay-none effect-none et-clearfix lazy lazy-load\" data-columns=\"4\" data-autoplay=\"false\"><li class=\"et-item post post-18159 product type-product status-publish has-post-thumbnail hentry product_cat-kapi-kol-kilit-makinalari\" id=\"product-18159\">\r\n                    \r\n                    <div class=\"post-inner et-item-inner et-clearfix\">\r\n\r\n                        <div class=\"post-inner-wrapper\">\r\n\r\n                                                            <div class=\"ajax-add-to-cart-loading\"><div class=\"circle-loader\"><div class=\"checkmark draw\"><\/div><\/div><\/div>\r\n                            \r\n                            \r\n                \r\n                                                \r\n                        <div class=\"post-image post-media overlay-hover\">\r\n\r\n                            \r\n                                                        \r\n                            \r\n                                                            <a href=\"https:\/\/www.tuncaykurtmakina.com\/index.php\/urun\/kapi-kol-kilit-ve-mentese-makinasi-may-c-700\/\" >\r\n                                    <div class=\"product-image-gallery\">\r\n                                        <div class=\"image-container visible\">\r\n                                            <div class=\"image-loading\"><\/div>\r\n                                            <div class=\"image-preloader\"><\/div>\r\n                                                                                            <img width=\"300\" height=\"300\" src=\"https:\/\/www.tuncaykurtmakina.com\/wp-content\/uploads\/2020\/09\/C-700-300x300.png\" class=\"attachment-shop_catalog size-shop_catalog\" alt=\"KAPI KOL K\u0130L\u0130T VE MENTE\u015eE MAK\u0130NASI &#8211; MAY C-700\" loading=\"lazy\" data-responsive-images=\"false\" \/>                                                                                    <\/div>\r\n                                                                                                                                                                            <img width=\"300\" height=\"300\" src=\"https:\/\/www.tuncaykurtmakina.com\/wp-content\/uploads\/2020\/09\/DSC_0039-copy-300x300.png\" class=\"attachment-shop_catalog size-shop_catalog\" alt=\"KAPI KOL K\u0130L\u0130T VE MENTE\u015eE MAK\u0130NASI &#8211; MAY C-700\" loading=\"lazy\" data-responsive-images=\"false\" \/>                                                                                            <img width=\"300\" height=\"300\" src=\"https:\/\/www.tuncaykurtmakina.com\/wp-content\/uploads\/2020\/09\/DSC_0024-copy-300x300.png\" class=\"attachment-shop_catalog size-shop_catalog\" alt=\"KAPI KOL K\u0130L\u0130T VE MENTE\u015eE MAK\u0130NASI &#8211; MAY C-700\" loading=\"lazy\" data-responsive-images=\"false\" \/>                                                                                            <img width=\"300\" height=\"300\" src=\"https:\/\/www.tuncaykurtmakina.com\/wp-content\/uploads\/2020\/09\/C-700-300x300.png\" class=\"attachment-shop_catalog size-shop_catalog\" alt=\"KAPI KOL K\u0130L\u0130T VE MENTE\u015eE MAK\u0130NASI &#8211; MAY C-700\" loading=\"lazy\" data-responsive-images=\"false\" \/>                                                                                                                        <\/div>\r\n                                <\/a>\r\n                            \r\n                        <\/div>\r\n\r\n                                            <div class=\"post-body et-clearfix\">\r\n                            <div class=\"post-body-inner-wrap\">\r\n                                <div class=\"post-body-inner\">\r\n                                    <h4 class=\"post-title et-clearfix\">\r\n                                        <a href=\"https:\/\/www.tuncaykurtmakina.com\/index.php\/urun\/kapi-kol-kilit-ve-mentese-makinasi-may-c-700\/\" title=\"Read more avbout KAPI KOL K\u0130L\u0130T VE MENTE\u015eE MAK\u0130NASI &#8211; MAY C-700\">KAPI KOL K\u0130L\u0130T VE MENTE\u015eE MAK\u0130NASI &#8211; MAY C-700<\/a>\r\n                                    <\/h4>\r\n                    \r\n                                        \r\n                                    <\/div>\r\n                                <\/div>\r\n                            <\/div>\r\n\r\n                            \r\n                        <\/div>\r\n\r\n                    <\/div>\r\n                <\/li><li class=\"et-item post post-18166 product type-product status-publish has-post-thumbnail hentry product_cat-kapi-kol-kilit-makinalari\" id=\"product-18166\">\r\n                    \r\n                    <div class=\"post-inner et-item-inner et-clearfix\">\r\n\r\n                        <div class=\"post-inner-wrapper\">\r\n\r\n                                                            <div class=\"ajax-add-to-cart-loading\"><div class=\"circle-loader\"><div class=\"checkmark draw\"><\/div><\/div><\/div>\r\n                            \r\n                            \r\n                \r\n                                                \r\n                        <div class=\"post-image post-media overlay-hover\">\r\n\r\n                            \r\n                                                        \r\n                            \r\n                                                            <a href=\"https:\/\/www.tuncaykurtmakina.com\/index.php\/urun\/kapi-kol-kilit-ve-rozet-delik-makinasi-may-d-600-r\/\" >\r\n                                    <div class=\"product-image-gallery\">\r\n                                        <div class=\"image-container visible\">\r\n                                            <div class=\"image-loading\"><\/div>\r\n                                            <div class=\"image-preloader\"><\/div>\r\n                                                                                            <img width=\"300\" height=\"300\" src=\"https:\/\/www.tuncaykurtmakina.com\/wp-content\/uploads\/2020\/09\/KAPI-KOL-KILIT-VE-ROZET-DELIK-MAKINASI-MAY-D-600-R-300x300.png\" class=\"attachment-shop_catalog size-shop_catalog\" alt=\"KAPI KOL K\u0130L\u0130T VE ROZET DEL\u0130K MAK\u0130NASI &#8211; MAY D-600 R\" loading=\"lazy\" data-responsive-images=\"false\" \/>                                                                                    <\/div>\r\n                                                                                                                                                                            <img width=\"300\" height=\"269\" src=\"https:\/\/www.tuncaykurtmakina.com\/wp-content\/uploads\/2020\/09\/MAY-D-600-R-4-300x269.jpg\" class=\"attachment-shop_catalog size-shop_catalog\" alt=\"KAPI KOL K\u0130L\u0130T VE ROZET DEL\u0130K MAK\u0130NASI &#8211; MAY D-600 R\" loading=\"lazy\" data-responsive-images=\"false\" \/>                                                                                            <img width=\"300\" height=\"271\" src=\"https:\/\/www.tuncaykurtmakina.com\/wp-content\/uploads\/2020\/09\/MAY-D-600-R-3-300x271.jpg\" class=\"attachment-shop_catalog size-shop_catalog\" alt=\"KAPI KOL K\u0130L\u0130T VE ROZET DEL\u0130K MAK\u0130NASI &#8211; MAY D-600 R\" loading=\"lazy\" data-responsive-images=\"false\" \/>                                                                                            <img width=\"300\" height=\"300\" src=\"https:\/\/www.tuncaykurtmakina.com\/wp-content\/uploads\/2020\/09\/MAY-D-600-R-2-300x300.jpg\" class=\"attachment-shop_catalog size-shop_catalog\" alt=\"KAPI KOL K\u0130L\u0130T VE ROZET DEL\u0130K MAK\u0130NASI &#8211; MAY D-600 R\" loading=\"lazy\" data-responsive-images=\"false\" \/>                                                                                                                        <\/div>\r\n                                <\/a>\r\n                            \r\n                        <\/div>\r\n\r\n                                            <div class=\"post-body et-clearfix\">\r\n                            <div class=\"post-body-inner-wrap\">\r\n                                <div class=\"post-body-inner\">\r\n                                    <h4 class=\"post-title et-clearfix\">\r\n                                        <a href=\"https:\/\/www.tuncaykurtmakina.com\/index.php\/urun\/kapi-kol-kilit-ve-rozet-delik-makinasi-may-d-600-r\/\" title=\"Read more avbout KAPI KOL K\u0130L\u0130T VE ROZET DEL\u0130K MAK\u0130NASI &#8211; MAY D-600 R\">KAPI KOL K\u0130L\u0130T VE ROZET DEL\u0130K MAK\u0130NASI &#8211; MAY D-600 R<\/a>\r\n                                    <\/h4>\r\n                    \r\n                                        \r\n                                    <\/div>\r\n                                <\/div>\r\n                            <\/div>\r\n\r\n                            \r\n                        <\/div>\r\n\r\n                    <\/div>\r\n                <\/li><li class=\"et-item post post-18172 product type-product status-publish has-post-thumbnail hentry product_cat-kapi-kol-kilit-makinalari\" id=\"product-18172\">\r\n                    \r\n                    <div class=\"post-inner et-item-inner et-clearfix\">\r\n\r\n                        <div class=\"post-inner-wrapper\">\r\n\r\n                                                            <div class=\"ajax-add-to-cart-loading\"><div class=\"circle-loader\"><div class=\"checkmark draw\"><\/div><\/div><\/div>\r\n                            \r\n                            \r\n                \r\n                                                \r\n                        <div class=\"post-image post-media overlay-hover\">\r\n\r\n                            \r\n                                                        \r\n                            \r\n                                                            <a href=\"https:\/\/www.tuncaykurtmakina.com\/index.php\/urun\/maymak-kapi-kol-kilit-makinasi-may-d-600\/\" >\r\n                                    <div class=\"product-image-gallery\">\r\n                                        <div class=\"image-container visible\">\r\n                                            <div class=\"image-loading\"><\/div>\r\n                                            <div class=\"image-preloader\"><\/div>\r\n                                                                                            <img width=\"300\" height=\"300\" src=\"https:\/\/www.tuncaykurtmakina.com\/wp-content\/uploads\/2020\/09\/KAPI-KOL-KILIT-MAKINASI-MAY-D-600-300x300.png\" class=\"attachment-shop_catalog size-shop_catalog\" alt=\"MAYMAK KAPI KOL K\u0130L\u0130T MAK\u0130NASI &#8211; MAY D-600\" loading=\"lazy\" data-responsive-images=\"false\" \/>                                                                                    <\/div>\r\n                                                                                                                                                                            <img width=\"300\" height=\"300\" src=\"https:\/\/www.tuncaykurtmakina.com\/wp-content\/uploads\/2020\/09\/DSC_0265-copy-300x300.png\" class=\"attachment-shop_catalog size-shop_catalog\" alt=\"MAYMAK KAPI KOL K\u0130L\u0130T MAK\u0130NASI &#8211; MAY D-600\" loading=\"lazy\" data-responsive-images=\"false\" \/>                                                                                            <img width=\"300\" height=\"300\" src=\"https:\/\/www.tuncaykurtmakina.com\/wp-content\/uploads\/2020\/09\/DSC_0263-copy-300x300.png\" class=\"attachment-shop_catalog size-shop_catalog\" alt=\"MAYMAK KAPI KOL K\u0130L\u0130T MAK\u0130NASI &#8211; MAY D-600\" loading=\"lazy\" data-responsive-images=\"false\" \/>                                                                                                                        <\/div>\r\n                                <\/a>\r\n                            \r\n                        <\/div>\r\n\r\n                                            <div class=\"post-body et-clearfix\">\r\n                            <div class=\"post-body-inner-wrap\">\r\n                                <div class=\"post-body-inner\">\r\n                                    <h4 class=\"post-title et-clearfix\">\r\n                                        <a href=\"https:\/\/www.tuncaykurtmakina.com\/index.php\/urun\/maymak-kapi-kol-kilit-makinasi-may-d-600\/\" title=\"Read more avbout MAYMAK KAPI KOL K\u0130L\u0130T MAK\u0130NASI &#8211; MAY D-600\">MAYMAK KAPI KOL K\u0130L\u0130T MAK\u0130NASI &#8211; MAY D-600<\/a>\r\n                                    <\/h4>\r\n                    \r\n                                        \r\n                                    <\/div>\r\n                                <\/div>\r\n                            <\/div>\r\n\r\n                            \r\n                        <\/div>\r\n\r\n                    <\/div>\r\n                <\/li><li class=\"et-item post post-18176 product type-product status-publish has-post-thumbnail hentry product_cat-kapi-kol-kilit-makinalari\" id=\"product-18176\">\r\n                    \r\n                    <div class=\"post-inner et-item-inner et-clearfix\">\r\n\r\n                        <div class=\"post-inner-wrapper\">\r\n\r\n                                                            <div class=\"ajax-add-to-cart-loading\"><div class=\"circle-loader\"><div class=\"checkmark draw\"><\/div><\/div><\/div>\r\n                            \r\n                            \r\n                \r\n                                                \r\n                        <div class=\"post-image post-media overlay-hover\">\r\n\r\n                            \r\n                                                        \r\n                            \r\n                                                            <a href=\"https:\/\/www.tuncaykurtmakina.com\/index.php\/urun\/servo-motorlu-kapi-kol-kilit-makinasi-may-d-600-s\/\" >\r\n                                    <div class=\"product-image-gallery\">\r\n                                        <div class=\"image-container visible\">\r\n                                            <div class=\"image-loading\"><\/div>\r\n                                            <div class=\"image-preloader\"><\/div>\r\n                                                                                            <img width=\"300\" height=\"300\" src=\"https:\/\/www.tuncaykurtmakina.com\/wp-content\/uploads\/2020\/09\/SERVO-MOTORLU-KAPI-KOL-KILIT-MAKINASI-MAY-D-600-S-300x300.png\" class=\"attachment-shop_catalog size-shop_catalog\" alt=\"SERVO MOTORLU KAPI KOL K\u0130L\u0130T MAK\u0130NASI &#8211; MAY D-600 S\" loading=\"lazy\" data-responsive-images=\"false\" \/>                                                                                    <\/div>\r\n                                                                                                                                                                            <img width=\"300\" height=\"300\" src=\"https:\/\/www.tuncaykurtmakina.com\/wp-content\/uploads\/2020\/09\/DSC_0183-copy-300x300.png\" class=\"attachment-shop_catalog size-shop_catalog\" alt=\"SERVO MOTORLU KAPI KOL K\u0130L\u0130T MAK\u0130NASI &#8211; MAY D-600 S\" loading=\"lazy\" data-responsive-images=\"false\" \/>                                                                                            <img width=\"300\" height=\"300\" src=\"https:\/\/www.tuncaykurtmakina.com\/wp-content\/uploads\/2020\/09\/DSC_0180-copy-300x300.png\" class=\"attachment-shop_catalog size-shop_catalog\" alt=\"SERVO MOTORLU KAPI KOL K\u0130L\u0130T MAK\u0130NASI &#8211; MAY D-600 S\" loading=\"lazy\" data-responsive-images=\"false\" \/>                                                                                            <img width=\"300\" height=\"300\" src=\"https:\/\/www.tuncaykurtmakina.com\/wp-content\/uploads\/2020\/09\/SERVO-MOTORLU-KAPI-KOL-KILIT-MAKINASI-MAY-D-600-S-300x300.png\" class=\"attachment-shop_catalog size-shop_catalog\" alt=\"SERVO MOTORLU KAPI KOL K\u0130L\u0130T MAK\u0130NASI &#8211; MAY D-600 S\" loading=\"lazy\" data-responsive-images=\"false\" \/>                                                                                                                        <\/div>\r\n                                <\/a>\r\n                            \r\n                        <\/div>\r\n\r\n                                            <div class=\"post-body et-clearfix\">\r\n                            <div class=\"post-body-inner-wrap\">\r\n                                <div class=\"post-body-inner\">\r\n                                    <h4 class=\"post-title et-clearfix\">\r\n                                        <a href=\"https:\/\/www.tuncaykurtmakina.com\/index.php\/urun\/servo-motorlu-kapi-kol-kilit-makinasi-may-d-600-s\/\" title=\"Read more avbout SERVO MOTORLU KAPI KOL K\u0130L\u0130T MAK\u0130NASI &#8211; MAY D-600 S\">SERVO MOTORLU KAPI KOL K\u0130L\u0130T MAK\u0130NASI &#8211; MAY D-600 S<\/a>\r\n                                    <\/h4>\r\n                    \r\n                                        \r\n                                    <\/div>\r\n                                <\/div>\r\n                            <\/div>\r\n\r\n                            \r\n                        <\/div>\r\n\r\n                    <\/div>\r\n                <\/li><\/ul><\/div>[\/vc_column][\/vc_row]\n","protected":false},"excerpt":{"rendered":"<p>[vc_row][vc_column][\/vc_column][\/vc_row]<\/p>\n","protected":false},"author":1,"featured_media":0,"parent":17905,"menu_order":0,"comment_status":"closed","ping_status":"closed","template":"","meta":[],"_links":{"self":[{"href":"https:\/\/www.tuncaykurtmakina.com\/index.php\/wp-json\/wp\/v2\/pages\/17944"}],"collection":[{"href":"https:\/\/www.tuncaykurtmakina.com\/index.php\/wp-json\/wp\/v2\/pages"}],"about":[{"href":"https:\/\/www.tuncaykurtmakina.com\/index.php\/wp-json\/wp\/v2\/types\/page"}],"author":[{"embeddable":true,"href":"https:\/\/www.tuncaykurtmakina.com\/index.php\/wp-json\/wp\/v2\/users\/1"}],"replies":[{"embeddable":true,"href":"https:\/\/www.tuncaykurtmakina.com\/index.php\/wp-json\/wp\/v2\/comments?post=17944"}],"version-history":[{"count":2,"href":"https:\/\/www.tuncaykurtmakina.com\/index.php\/wp-json\/wp\/v2\/pages\/17944\/revisions"}],"predecessor-version":[{"id":18160,"href":"https:\/\/www.tuncaykurtmakina.com\/index.php\/wp-json\/wp\/v2\/pages\/17944\/revisions\/18160"}],"up":[{"embeddable":true,"href":"https:\/\/www.tuncaykurtmakina.com\/index.php\/wp-json\/wp\/v2\/pages\/17905"}],"wp:attachment":[{"href":"https:\/\/www.tuncaykurtmakina.com\/index.php\/wp-json\/wp\/v2\/media?parent=17944"}],"curies":[{"name":"wp","href":"https:\/\/api.w.org\/{rel}","templated":true}]}}