{"id":17903,"date":"2020-09-10T09:21:37","date_gmt":"2020-09-10T06:21:37","guid":{"rendered":"https:\/\/alfadestek.com\/tuncay\/?page_id=17903"},"modified":"2021-01-08T11:05:49","modified_gmt":"2021-01-08T08:05:49","slug":"kurumsal","status":"publish","type":"page","link":"https:\/\/www.tuncaykurtmakina.com\/index.php\/kurumsal\/","title":{"rendered":"KURUMSAL"},"content":{"rendered":"<p class=\"textheading3 mobile-undersized-upper\">Kurucumuz ve ekibimiz, bilgi ve deneyimiyle, her t\u00fcrl\u00fc Marangoz ve Mobilya makinalar\u0131yla markala\u015fmak ve uluslararas\u0131 kalite standartlar\u0131n\u0131 yakalamak gayreti ile m\u00fc\u015fterilerimize daha iyi hizmet verebilmek amac\u0131yla TUNCAY KURT MAK\u0130NA PLAZA \u015firketini kurmu\u015ftur.<\/p>\n<p class=\"textheading3 mobile-undersized-upper\">2012 y\u0131l\u0131nda BOSS Makine \u015firketini kurup kenar bantlama makineleri imalat\u0131 yaparak T\u00fcrkiye genelinde bayilikler vererek Mobilya sekt\u00f6r\u00fcne hizmet verdim.<\/p>\n<p class=\"textheading3 mobile-undersized-upper\">2017 Y\u0131l\u0131nda sizlere 40 y\u0131la a\u015fk\u0131n hizmet vermekte olan \u00dcNVERLER MAK\u0130NE\u2019yi \u0130brahim \u00dcnver\u2019den devr ald\u0131m. \u015euanda TUNCAY KURT MAK\u0130NE PLAZA\u00a0 ad\u0131 alt\u0131nda yurti\u00e7i ve yurt d\u0131\u015f\u0131 makine sat\u0131\u015f\u0131 yaparak sizlere hizmet vermekten gurur duyuyorum.<\/p>\n","protected":false},"excerpt":{"rendered":"<p>Kurucumuz ve ekibimiz, bilgi ve deneyimiyle, her t\u00fcrl\u00fc Marangoz ve Mobilya makinalar\u0131yla markala\u015fmak ve uluslararas\u0131 kalite standartlar\u0131n\u0131 yakalamak gayreti ile m\u00fc\u015fterilerimize daha iyi hizmet verebilmek amac\u0131yla TUNCAY KURT MAK\u0130NA PLAZA \u015firketini kurmu\u015ftur. 2012 y\u0131l\u0131nda BOSS Makine \u015firketini kurup kenar bantlama makineleri imalat\u0131 yaparak T\u00fcrkiye genelinde bayilikler vererek Mobilya sekt\u00f6r\u00fcne hizmet verdim. 2017 Y\u0131l\u0131nda sizlere 40 [&hellip;]<\/p>\n","protected":false},"author":1,"featured_media":0,"parent":0,"menu_order":0,"comment_status":"closed","ping_status":"closed","template":"","meta":[],"_links":{"self":[{"href":"https:\/\/www.tuncaykurtmakina.com\/index.php\/wp-json\/wp\/v2\/pages\/17903"}],"collection":[{"href":"https:\/\/www.tuncaykurtmakina.com\/index.php\/wp-json\/wp\/v2\/pages"}],"about":[{"href":"https:\/\/www.tuncaykurtmakina.com\/index.php\/wp-json\/wp\/v2\/types\/page"}],"author":[{"embeddable":true,"href":"https:\/\/www.tuncaykurtmakina.com\/index.php\/wp-json\/wp\/v2\/users\/1"}],"replies":[{"embeddable":true,"href":"https:\/\/www.tuncaykurtmakina.com\/index.php\/wp-json\/wp\/v2\/comments?post=17903"}],"version-history":[{"count":3,"href":"https:\/\/www.tuncaykurtmakina.com\/index.php\/wp-json\/wp\/v2\/pages\/17903\/revisions"}],"predecessor-version":[{"id":18459,"href":"https:\/\/www.tuncaykurtmakina.com\/index.php\/wp-json\/wp\/v2\/pages\/17903\/revisions\/18459"}],"wp:attachment":[{"href":"https:\/\/www.tuncaykurtmakina.com\/index.php\/wp-json\/wp\/v2\/media?parent=17903"}],"curies":[{"name":"wp","href":"https:\/\/api.w.org\/{rel}","templated":true}]}}